{"id":310,"date":"2025-04-29T14:46:25","date_gmt":"2025-04-29T12:46:25","guid":{"rendered":"https:\/\/smartwm.wwwood.info\/politica-de-privacidad\/"},"modified":"2025-05-04T08:47:29","modified_gmt":"2025-05-04T06:47:29","slug":"politica-de-privacidad","status":"publish","type":"page","link":"https:\/\/smartwm.es\/ca\/politica-de-privacidad\/","title":{"rendered":"Pol\u00edtica de privacidad"},"content":{"rendered":"\t\t<div data-elementor-type=\"wp-page\" data-elementor-id=\"310\" class=\"elementor elementor-310 elementor-3\" data-elementor-post-type=\"page\">\n\t\t\t\t\t\t<section class=\"elementor-section elementor-top-section elementor-element elementor-element-466f2d09 elementor-section-boxed elementor-section-height-default elementor-section-height-default\" data-id=\"466f2d09\" data-element_type=\"section\">\n\t\t\t\t\t\t<div class=\"elementor-container elementor-column-gap-default\">\n\t\t\t\t\t<div class=\"elementor-column elementor-col-100 elementor-top-column elementor-element elementor-element-34bf4ac7\" data-id=\"34bf4ac7\" data-element_type=\"column\">\n\t\t\t<div class=\"elementor-widget-wrap elementor-element-populated\">\n\t\t\t\t\t\t<div class=\"elementor-element elementor-element-df7e37d elementor-widget-divider--view-line elementor-widget elementor-widget-divider\" data-id=\"df7e37d\" data-element_type=\"widget\" data-widget_type=\"divider.default\">\n\t\t\t\t<div class=\"elementor-widget-container\">\n\t\t\t\t\t\t\t<div class=\"elementor-divider\">\n\t\t\t<span class=\"elementor-divider-separator\">\n\t\t\t\t\t\t<\/span>\n\t\t<\/div>\n\t\t\t\t\t\t<\/div>\n\t\t\t\t<\/div>\n\t\t\t\t\t<\/div>\n\t\t<\/div>\n\t\t\t\t\t<\/div>\n\t\t<\/section>\n\t\t\t\t<section class=\"elementor-section elementor-top-section elementor-element elementor-element-fe2b997 elementor-section-boxed elementor-section-height-default elementor-section-height-default\" data-id=\"fe2b997\" data-element_type=\"section\">\n\t\t\t\t\t\t<div class=\"elementor-container elementor-column-gap-default\">\n\t\t\t\t\t<div class=\"elementor-column elementor-col-100 elementor-top-column elementor-element elementor-element-2923d37\" data-id=\"2923d37\" data-element_type=\"column\">\n\t\t\t<div class=\"elementor-widget-wrap elementor-element-populated\">\n\t\t\t\t\t\t<div class=\"elementor-element elementor-element-21c2cc6 elementor-widget elementor-widget-text-editor\" data-id=\"21c2cc6\" data-element_type=\"widget\" data-widget_type=\"text-editor.default\">\n\t\t\t\t<div class=\"elementor-widget-container\">\n\t\t\t\t\t\t\t\t\t<h2 class=\"\" data-start=\"652\" data-end=\"677\">Pol\u00edtica de Privacidad<\/h2>\n<p class=\"\" data-start=\"679\" data-end=\"870\">En cumplimiento de lo dispuesto en el Reglamento (UE) 2016\/679 del Parlamento Europeo y del Consejo, de 27 de abril de 2016 (RGPD), le informamos sobre el tratamiento de sus datos personales:<\/p>\n<h3 class=\"\" data-start=\"872\" data-end=\"906\">1. Responsable del Tractament<\/h3>\n<p class=\"\" data-start=\"908\" data-end=\"1071\"><strong data-start=\"908\" data-end=\"929\">Nombre \/ Empresa:<\/strong> Smart Wealth Management Sl.<br data-start=\"956\" data-end=\"959\"><strong data-start=\"959\" data-end=\"973\">NIF \/ CIF:<\/strong> B66756362<br data-start=\"988\" data-end=\"991\"><strong data-start=\"991\" data-end=\"1005\">Domicilio:<\/strong> Avenida diagonal, 507 &#8211; p. 4, barcelona, 08029, barcelona<br data-start=\"1026\" data-end=\"1029\"><strong data-start=\"1029\" data-end=\"1051\">Email de contacto:<\/strong> manel@smartwm.es<\/p>\n<h3 class=\"\" data-start=\"1073\" data-end=\"1105\">2. Finalidad del Tratamiento<\/h3>\n<p class=\"\" data-start=\"1107\" data-end=\"1259\">Los datos personales que usted nos proporciona a trav\u00e9s del formulario de contacto o cualquier otro medio ser\u00e1n tratados con las siguientes finalidades:<\/p>\n<ul data-start=\"1261\" data-end=\"1463\">\n<li class=\"\" data-start=\"1261\" data-end=\"1302\">\n<p class=\"\" data-start=\"1263\" data-end=\"1302\">Atender sus solicitudes de informaci\u00f3n.<\/p>\n<\/li>\n<li class=\"\" data-start=\"1303\" data-end=\"1355\">\n<p class=\"\" data-start=\"1305\" data-end=\"1355\">Mantener relaciones comerciales y\/o contractuales.<\/p>\n<\/li>\n<li class=\"\" data-start=\"1356\" data-end=\"1463\">\n<p class=\"\" data-start=\"1358\" data-end=\"1463\">Enviar comunicaciones comerciales relacionadas con nuestros servicios (si ha prestado su consentimiento).<\/p>\n<\/li>\n<\/ul>\n<h3 class=\"\" data-start=\"1465\" data-end=\"1484\">3. Legitimaci\u00f3n<\/h3>\n<p class=\"\" data-start=\"1486\" data-end=\"1536\">La base legal para el tratamiento de sus datos es:<\/p>\n<ul data-start=\"1538\" data-end=\"1738\">\n<li class=\"\" data-start=\"1538\" data-end=\"1584\">\n<p class=\"\" data-start=\"1540\" data-end=\"1584\">Su consentimiento expreso (art. 6.1.a RGPD).<\/p>\n<\/li>\n<li class=\"\" data-start=\"1585\" data-end=\"1677\">\n<p class=\"\" data-start=\"1587\" data-end=\"1677\">La ejecuci\u00f3n de un contrato o la aplicaci\u00f3n de medidas precontractuales (art. 6.1.b RGPD).<\/p>\n<\/li>\n<li class=\"\" data-start=\"1678\" data-end=\"1738\">\n<p class=\"\" data-start=\"1680\" data-end=\"1738\">El cumplimiento de obligaciones legales (art. 6.1.c RGPD).<\/p>\n<\/li>\n<\/ul>\n<h3 class=\"\" data-start=\"1740\" data-end=\"1772\">4. Conservaci\u00f3n de los Datos<\/h3>\n<p class=\"\" data-start=\"1774\" data-end=\"1965\">Sus datos ser\u00e1n conservados mientras exista una relaci\u00f3n comercial o contractual, o hasta que solicite su supresi\u00f3n. Posteriormente se conservar\u00e1n bloqueados durante el plazo legal necesario. <\/p>\n<h3 class=\"\" data-start=\"1967\" data-end=\"1987\">5. Destinatarios<\/h3>\n<p class=\"\" data-start=\"1989\" data-end=\"2190\">Sus datos no se ceder\u00e1n a terceros salvo obligaci\u00f3n legal o necesidad para la prestaci\u00f3n del servicio (por ejemplo, proveedores tecnol\u00f3gicos con acceso restringido y bajo contrato de confidencialidad).<\/p>\n<h3 class=\"\" data-start=\"2192\" data-end=\"2219\">6. Derechos del Usuario<\/h3>\n<p class=\"\" data-start=\"2221\" data-end=\"2272\">Puede ejercer en cualquier momento sus derechos de:<\/p>\n<ul data-start=\"2274\" data-end=\"2366\">\n<li class=\"\" data-start=\"2274\" data-end=\"2282\">\n<p class=\"\" data-start=\"2276\" data-end=\"2282\">Acceso<\/p>\n<\/li>\n<li class=\"\" data-start=\"2283\" data-end=\"2298\">\n<p class=\"\" data-start=\"2285\" data-end=\"2298\">Rectificaci\u00f3n<\/p>\n<\/li>\n<li class=\"\" data-start=\"2299\" data-end=\"2310\">\n<p class=\"\" data-start=\"2301\" data-end=\"2310\">Supresi\u00f3n<\/p>\n<\/li>\n<li class=\"\" data-start=\"2311\" data-end=\"2339\">\n<p class=\"\" data-start=\"2313\" data-end=\"2339\">Limitaci\u00f3n del tratamiento<\/p>\n<\/li>\n<li class=\"\" data-start=\"2340\" data-end=\"2351\">\n<p class=\"\" data-start=\"2342\" data-end=\"2351\">Oposici\u00f3n<\/p>\n<\/li>\n<li class=\"\" data-start=\"2352\" data-end=\"2366\">\n<p class=\"\" data-start=\"2354\" data-end=\"2366\">Portabilidad<\/p>\n<\/li>\n<\/ul>\n<p class=\"\" data-start=\"2368\" data-end=\"2464\">Mediante comunicaci\u00f3n escrita a la direcci\u00f3n del responsable o al correo electr\u00f3nico facilitado.<\/p>\n<p class=\"\" data-start=\"2466\" data-end=\"2578\">Tambi\u00e9n tiene derecho a presentar una reclamaci\u00f3n ante la Agencia Espa\u00f1ola de Protecci\u00f3n de Datos (<a class=\"\" href=\"http:\/\/www.aepd.es\" target=\"_new\" rel=\"noopener\" data-start=\"2565\" data-end=\"2576\">www.aepd.es<\/a>).<\/p>\n<h3 class=\"\" data-start=\"2580\" data-end=\"2596\">7. Seguridad<\/h3>\n<p class=\"\" data-start=\"2598\" data-end=\"2809\">Hemos adoptado las medidas t\u00e9cnicas y organizativas necesarias para garantizar la seguridad e integridad de los datos, as\u00ed como para evitar su p\u00e9rdida, alteraci\u00f3n y\/o acceso por parte de terceros no autorizados.<\/p>\t\t\t\t\t\t\t\t<\/div>\n\t\t\t\t<\/div>\n\t\t\t\t\t<\/div>\n\t\t<\/div>\n\t\t\t\t\t<\/div>\n\t\t<\/section>\n\t\t\t\t<\/div>\n\t\t","protected":false},"excerpt":{"rendered":"<p>Pol\u00edtica de Privacidad En cumplimiento de lo dispuesto en el Reglamento (UE) 2016\/679 del Parlamento Europeo y del Consejo, de 27 de abril de 2016 (RGPD), le informamos sobre el tratamiento de sus datos personales: 1. Responsable del Tractament Nombre \/ Empresa: Smart Wealth Management Sl.NIF \/ CIF: B66756362Domicilio: Avenida diagonal, 507 &#8211; p. 4,<span class=\"more-dots\">&#8230;<\/span> <div class=\"more-link-wrap\"><a class=\"more-link\" href=\"https:\/\/smartwm.es\/ca\/politica-de-privacidad\/\">Read more<span class=\"screen-reader-text\"> \"Pol\u00edtica de privacidad\"<\/span><\/a><\/div><!-- .more-link --><\/p>\n","protected":false},"author":1,"featured_media":0,"parent":0,"menu_order":0,"comment_status":"closed","ping_status":"open","template":"","meta":{"footnotes":""},"class_list":["post-310","page","type-page","status-publish","hentry",""],"yoast_head":"<!-- This site is optimized with the Yoast SEO plugin v26.7 - https:\/\/yoast.com\/wordpress\/plugins\/seo\/ -->\n<title>Pol\u00edtica de privacidad - Smart wealth management<\/title>\n<meta name=\"robots\" content=\"index, follow, max-snippet:-1, max-image-preview:large, max-video-preview:-1\" \/>\n<link rel=\"canonical\" href=\"https:\/\/smartwm.es\/ca\/politica-de-privacidad\/\" \/>\n<meta property=\"og:locale\" content=\"ca_ES\" \/>\n<meta property=\"og:type\" content=\"article\" \/>\n<meta property=\"og:title\" content=\"Pol\u00edtica de privacidad - Smart wealth management\" \/>\n<meta property=\"og:description\" content=\"Pol\u00edtica de Privacidad En cumplimiento de lo dispuesto en el Reglamento (UE) 2016\/679 del Parlamento Europeo y del Consejo, de 27 de abril de 2016 (RGPD), le informamos sobre el tratamiento de sus datos personales: 1. Responsable del Tractament Nombre \/ Empresa: Smart Wealth Management Sl.NIF \/ CIF: B66756362Domicilio: Avenida diagonal, 507 &#8211; p. 4,...\" \/>\n<meta property=\"og:url\" content=\"https:\/\/smartwm.es\/ca\/politica-de-privacidad\/\" \/>\n<meta property=\"og:site_name\" content=\"Smart wealth management\" \/>\n<meta property=\"article:modified_time\" content=\"2025-05-04T06:47:29+00:00\" \/>\n<meta name=\"twitter:card\" content=\"summary_large_image\" \/>\n<meta name=\"twitter:label1\" content=\"Temps estimat de lectura\" \/>\n\t<meta name=\"twitter:data1\" content=\"2 minuts\" \/>\n<script type=\"application\/ld+json\" class=\"yoast-schema-graph\">{\"@context\":\"https:\/\/schema.org\",\"@graph\":[{\"@type\":\"WebPage\",\"@id\":\"https:\/\/smartwm.es\/ca\/politica-de-privacidad\/\",\"url\":\"https:\/\/smartwm.es\/ca\/politica-de-privacidad\/\",\"name\":\"Pol\u00edtica de privacidad - Smart wealth management\",\"isPartOf\":{\"@id\":\"https:\/\/smartwm.es\/ca\/#website\"},\"datePublished\":\"2025-04-29T12:46:25+00:00\",\"dateModified\":\"2025-05-04T06:47:29+00:00\",\"breadcrumb\":{\"@id\":\"https:\/\/smartwm.es\/ca\/politica-de-privacidad\/#breadcrumb\"},\"inLanguage\":\"ca\",\"potentialAction\":[{\"@type\":\"ReadAction\",\"target\":[\"https:\/\/smartwm.es\/ca\/politica-de-privacidad\/\"]}]},{\"@type\":\"BreadcrumbList\",\"@id\":\"https:\/\/smartwm.es\/ca\/politica-de-privacidad\/#breadcrumb\",\"itemListElement\":[{\"@type\":\"ListItem\",\"position\":1,\"name\":\"Home\",\"item\":\"https:\/\/smartwm.es\/ca\/\"},{\"@type\":\"ListItem\",\"position\":2,\"name\":\"Pol\u00edtica de privacidad\"}]},{\"@type\":\"WebSite\",\"@id\":\"https:\/\/smartwm.es\/ca\/#website\",\"url\":\"https:\/\/smartwm.es\/ca\/\",\"name\":\"Smart wealth management\",\"description\":\"Tu patrimonio, nuestro compromiso\",\"publisher\":{\"@id\":\"https:\/\/smartwm.es\/ca\/#organization\"},\"potentialAction\":[{\"@type\":\"SearchAction\",\"target\":{\"@type\":\"EntryPoint\",\"urlTemplate\":\"https:\/\/smartwm.es\/ca\/?s={search_term_string}\"},\"query-input\":{\"@type\":\"PropertyValueSpecification\",\"valueRequired\":true,\"valueName\":\"search_term_string\"}}],\"inLanguage\":\"ca\"},{\"@type\":\"Organization\",\"@id\":\"https:\/\/smartwm.es\/ca\/#organization\",\"name\":\"Smart wealth management\",\"url\":\"https:\/\/smartwm.es\/ca\/\",\"logo\":{\"@type\":\"ImageObject\",\"inLanguage\":\"ca\",\"@id\":\"https:\/\/smartwm.es\/ca\/#\/schema\/logo\/image\/\",\"url\":\"https:\/\/smartwm.es\/wp-content\/uploads\/2025\/04\/logo-smartwm.png\",\"contentUrl\":\"https:\/\/smartwm.es\/wp-content\/uploads\/2025\/04\/logo-smartwm.png\",\"width\":279,\"height\":106,\"caption\":\"Smart wealth management\"},\"image\":{\"@id\":\"https:\/\/smartwm.es\/ca\/#\/schema\/logo\/image\/\"}}]}<\/script>\n<!-- \/ Yoast SEO plugin. -->","yoast_head_json":{"title":"Pol\u00edtica de privacidad - Smart wealth management","robots":{"index":"index","follow":"follow","max-snippet":"max-snippet:-1","max-image-preview":"max-image-preview:large","max-video-preview":"max-video-preview:-1"},"canonical":"https:\/\/smartwm.es\/ca\/politica-de-privacidad\/","og_locale":"ca_ES","og_type":"article","og_title":"Pol\u00edtica de privacidad - Smart wealth management","og_description":"Pol\u00edtica de Privacidad En cumplimiento de lo dispuesto en el Reglamento (UE) 2016\/679 del Parlamento Europeo y del Consejo, de 27 de abril de 2016 (RGPD), le informamos sobre el tratamiento de sus datos personales: 1. Responsable del Tractament Nombre \/ Empresa: Smart Wealth Management Sl.NIF \/ CIF: B66756362Domicilio: Avenida diagonal, 507 &#8211; p. 4,...","og_url":"https:\/\/smartwm.es\/ca\/politica-de-privacidad\/","og_site_name":"Smart wealth management","article_modified_time":"2025-05-04T06:47:29+00:00","twitter_card":"summary_large_image","twitter_misc":{"Temps estimat de lectura":"2 minuts"},"schema":{"@context":"https:\/\/schema.org","@graph":[{"@type":"WebPage","@id":"https:\/\/smartwm.es\/ca\/politica-de-privacidad\/","url":"https:\/\/smartwm.es\/ca\/politica-de-privacidad\/","name":"Pol\u00edtica de privacidad - Smart wealth management","isPartOf":{"@id":"https:\/\/smartwm.es\/ca\/#website"},"datePublished":"2025-04-29T12:46:25+00:00","dateModified":"2025-05-04T06:47:29+00:00","breadcrumb":{"@id":"https:\/\/smartwm.es\/ca\/politica-de-privacidad\/#breadcrumb"},"inLanguage":"ca","potentialAction":[{"@type":"ReadAction","target":["https:\/\/smartwm.es\/ca\/politica-de-privacidad\/"]}]},{"@type":"BreadcrumbList","@id":"https:\/\/smartwm.es\/ca\/politica-de-privacidad\/#breadcrumb","itemListElement":[{"@type":"ListItem","position":1,"name":"Home","item":"https:\/\/smartwm.es\/ca\/"},{"@type":"ListItem","position":2,"name":"Pol\u00edtica de privacidad"}]},{"@type":"WebSite","@id":"https:\/\/smartwm.es\/ca\/#website","url":"https:\/\/smartwm.es\/ca\/","name":"Smart wealth management","description":"Tu patrimonio, nuestro compromiso","publisher":{"@id":"https:\/\/smartwm.es\/ca\/#organization"},"potentialAction":[{"@type":"SearchAction","target":{"@type":"EntryPoint","urlTemplate":"https:\/\/smartwm.es\/ca\/?s={search_term_string}"},"query-input":{"@type":"PropertyValueSpecification","valueRequired":true,"valueName":"search_term_string"}}],"inLanguage":"ca"},{"@type":"Organization","@id":"https:\/\/smartwm.es\/ca\/#organization","name":"Smart wealth management","url":"https:\/\/smartwm.es\/ca\/","logo":{"@type":"ImageObject","inLanguage":"ca","@id":"https:\/\/smartwm.es\/ca\/#\/schema\/logo\/image\/","url":"https:\/\/smartwm.es\/wp-content\/uploads\/2025\/04\/logo-smartwm.png","contentUrl":"https:\/\/smartwm.es\/wp-content\/uploads\/2025\/04\/logo-smartwm.png","width":279,"height":106,"caption":"Smart wealth management"},"image":{"@id":"https:\/\/smartwm.es\/ca\/#\/schema\/logo\/image\/"}}]}},"_links":{"self":[{"href":"https:\/\/smartwm.es\/ca\/wp-json\/wp\/v2\/pages\/310","targetHints":{"allow":["GET"]}}],"collection":[{"href":"https:\/\/smartwm.es\/ca\/wp-json\/wp\/v2\/pages"}],"about":[{"href":"https:\/\/smartwm.es\/ca\/wp-json\/wp\/v2\/types\/page"}],"author":[{"embeddable":true,"href":"https:\/\/smartwm.es\/ca\/wp-json\/wp\/v2\/users\/1"}],"replies":[{"embeddable":true,"href":"https:\/\/smartwm.es\/ca\/wp-json\/wp\/v2\/comments?post=310"}],"version-history":[{"count":1,"href":"https:\/\/smartwm.es\/ca\/wp-json\/wp\/v2\/pages\/310\/revisions"}],"predecessor-version":[{"id":311,"href":"https:\/\/smartwm.es\/ca\/wp-json\/wp\/v2\/pages\/310\/revisions\/311"}],"wp:attachment":[{"href":"https:\/\/smartwm.es\/ca\/wp-json\/wp\/v2\/media?parent=310"}],"curies":[{"name":"wp","href":"https:\/\/api.w.org\/{rel}","templated":true}]}}