{"id":211,"date":"2025-04-29T18:51:39","date_gmt":"2025-04-29T16:51:39","guid":{"rendered":"https:\/\/smartwm.wwwood.info\/serveis\/"},"modified":"2025-05-02T12:21:24","modified_gmt":"2025-05-02T10:21:24","slug":"serveis","status":"publish","type":"page","link":"https:\/\/smartwm.es\/ca\/serveis\/","title":{"rendered":"Serveis"},"content":{"rendered":"\t\t<div data-elementor-type=\"wp-post\" data-elementor-id=\"211\" class=\"elementor elementor-211 elementor-82\" data-elementor-post-type=\"page\">\n\t\t\t\t\t\t<section class=\"elementor-section elementor-top-section elementor-element elementor-element-897853b elementor-section-height-min-height elementor-section-boxed elementor-section-height-default elementor-section-items-middle\" data-id=\"897853b\" data-element_type=\"section\" data-settings=\"{&quot;background_background&quot;:&quot;classic&quot;}\">\n\t\t\t\t\t\t<div class=\"elementor-container elementor-column-gap-default\">\n\t\t\t\t\t<div class=\"elementor-column elementor-col-100 elementor-top-column elementor-element elementor-element-5954d09\" data-id=\"5954d09\" data-element_type=\"column\">\n\t\t\t<div class=\"elementor-widget-wrap\">\n\t\t\t\t\t\t\t<\/div>\n\t\t<\/div>\n\t\t\t\t\t<\/div>\n\t\t<\/section>\n\t\t\t\t<section class=\"elementor-section elementor-top-section elementor-element elementor-element-ed5a084 elementor-section-boxed elementor-section-height-default elementor-section-height-default\" data-id=\"ed5a084\" data-element_type=\"section\">\n\t\t\t\t\t\t<div class=\"elementor-container elementor-column-gap-default\">\n\t\t\t\t\t<div class=\"elementor-column elementor-col-100 elementor-top-column elementor-element elementor-element-c001069\" data-id=\"c001069\" data-element_type=\"column\">\n\t\t\t<div class=\"elementor-widget-wrap elementor-element-populated\">\n\t\t\t\t\t\t<div class=\"elementor-element elementor-element-c829951 elementor-widget elementor-widget-heading\" data-id=\"c829951\" data-element_type=\"widget\" data-widget_type=\"heading.default\">\n\t\t\t\t<div class=\"elementor-widget-container\">\n\t\t\t\t\t<h1 class=\"elementor-heading-title elementor-size-default\">\u00bf Qu\u00e8 oferim?<\/h1>\t\t\t\t<\/div>\n\t\t\t\t<\/div>\n\t\t\t\t<div class=\"elementor-element elementor-element-88183d7 elementor-widget elementor-widget-heading\" data-id=\"88183d7\" data-element_type=\"widget\" data-widget_type=\"heading.default\">\n\t\t\t\t<div class=\"elementor-widget-container\">\n\t\t\t\t\t<div class=\"elementor-heading-title elementor-size-default\">Per nosaltres, <b>gestionar un patrimoni<\/b> va molt m\u00e9s enll\u00e0 de decidir en qu\u00e8 invertir. Un patrimoni no \u00e9s\n nom\u00e9s un conjunt d\u201factius financers: \u00e9s el reflex d\u201funa vida, d\u201funs valors i d\u201fun projecte de futur. Per aix\u00f2, el nostre enfocament sempre parteix d'una <b>visi\u00f3 global, estrat\u00e8gica i profundament personalitzada<\/b> .<\/div>\t\t\t\t<\/div>\n\t\t\t\t<\/div>\n\t\t\t\t<div class=\"elementor-element elementor-element-a49b620 elementor-widget elementor-widget-heading\" data-id=\"a49b620\" data-element_type=\"widget\" data-widget_type=\"heading.default\">\n\t\t\t\t<div class=\"elementor-widget-container\">\n\t\t\t\t\t<div class=\"elementor-heading-title elementor-size-default\">Oferim un assessorament patrimonial integral, que abasta tant actius financers (fons, accions,\n bons\u2026) com a inversions immobili\u00e0ries, actius alternatius i estructures empresarials o familiars. Tot\n aix\u00f2, ho analitzem des d'una triple perspectiva: <b>financera, fiscal i legal<\/b> .<\/div>\t\t\t\t<\/div>\n\t\t\t\t<\/div>\n\t\t\t\t<div class=\"elementor-element elementor-element-d044ae7 elementor-widget elementor-widget-heading\" data-id=\"d044ae7\" data-element_type=\"widget\" data-widget_type=\"heading.default\">\n\t\t\t\t<div class=\"elementor-widget-container\">\n\t\t\t\t\t<div class=\"elementor-heading-title elementor-size-default\">Un dels valors que m\u00e9s aprecien els nostres clients \u00e9s la nostra capacitat per anticipar l?impacte fiscal\n i patrimonial de les decisions importants. Els acompanyem en moments clau \u2014 <b>compravenda de\n immobles, transmissions familiars, canvis societaris o successions<\/b> \u2014, revisant cada detall per\n assegurar que all\u00f2 que signen i decideixen sigui, realment, la millor opci\u00f3 possible.  <br>&nbsp;Sempre amb una visi\u00f3 de 360 \u200b\u200bgraus.<\/div>\t\t\t\t<\/div>\n\t\t\t\t<\/div>\n\t\t\t\t<div class=\"elementor-element elementor-element-7924f56 elementor-widget elementor-widget-heading\" data-id=\"7924f56\" data-element_type=\"widget\" data-widget_type=\"heading.default\">\n\t\t\t\t<div class=\"elementor-widget-container\">\n\t\t\t\t\t<div class=\"elementor-heading-title elementor-size-default\">Perqu\u00e8 el patrimoni no nom\u00e9s \u00e9s el present: \u00e9s el futur de la fam\u00edlia. I protegir-lo \u00e9s una de les m\u00e9s grans\n responsabilitats que assumim amb orgull. La nostra major satisfacci\u00f3 professional \u00e9s veure com, amb els\n anys, els fills dels nostres clients <b>confien en nosaltres<\/b> , com ja ho van fer els seus pares.\n Aquesta continu\u00eftat \u00e9s el millor reflex d'una feina ben feta.<\/div>\t\t\t\t<\/div>\n\t\t\t\t<\/div>\n\t\t\t\t\t<\/div>\n\t\t<\/div>\n\t\t\t\t\t<\/div>\n\t\t<\/section>\n\t\t\t\t<\/div>\n\t\t","protected":false},"excerpt":{"rendered":"<p>\u00bf Qu\u00e8 oferim? Per nosaltres, gestionar un patrimoni va molt m\u00e9s enll\u00e0 de decidir en qu\u00e8 invertir. Un patrimoni no \u00e9s nom\u00e9s un conjunt d\u201factius financers: \u00e9s el reflex d\u201funa vida, d\u201funs valors i d\u201fun projecte de futur. Per aix\u00f2, el nostre enfocament sempre parteix d&#8217;una visi\u00f3 global, estrat\u00e8gica i profundament personalitzada . Oferim un<span class=\"more-dots\">&#8230;<\/span> <div class=\"more-link-wrap\"><a class=\"more-link\" href=\"https:\/\/smartwm.es\/ca\/serveis\/\">Read more<span class=\"screen-reader-text\"> \"Serveis\"<\/span><\/a><\/div><!-- .more-link --><\/p>\n","protected":false},"author":1,"featured_media":0,"parent":0,"menu_order":0,"comment_status":"closed","ping_status":"closed","template":"","meta":{"footnotes":""},"class_list":["post-211","page","type-page","status-publish","hentry",""],"yoast_head":"<!-- This site is optimized with the Yoast SEO plugin v26.7 - https:\/\/yoast.com\/wordpress\/plugins\/seo\/ -->\n<title>Serveis - Smart wealth management<\/title>\n<meta name=\"robots\" content=\"index, follow, max-snippet:-1, max-image-preview:large, max-video-preview:-1\" \/>\n<link rel=\"canonical\" href=\"https:\/\/smartwm.es\/ca\/serveis\/\" \/>\n<meta property=\"og:locale\" content=\"ca_ES\" \/>\n<meta property=\"og:type\" content=\"article\" \/>\n<meta property=\"og:title\" content=\"Serveis - Smart wealth management\" \/>\n<meta property=\"og:description\" content=\"\u00bf Qu\u00e8 oferim? Per nosaltres, gestionar un patrimoni va molt m\u00e9s enll\u00e0 de decidir en qu\u00e8 invertir. Un patrimoni no \u00e9s nom\u00e9s un conjunt d\u201factius financers: \u00e9s el reflex d\u201funa vida, d\u201funs valors i d\u201fun projecte de futur. Per aix\u00f2, el nostre enfocament sempre parteix d&#8217;una visi\u00f3 global, estrat\u00e8gica i profundament personalitzada . Oferim un...\" \/>\n<meta property=\"og:url\" content=\"https:\/\/smartwm.es\/ca\/serveis\/\" \/>\n<meta property=\"og:site_name\" content=\"Smart wealth management\" \/>\n<meta property=\"article:modified_time\" content=\"2025-05-02T10:21:24+00:00\" \/>\n<meta name=\"twitter:card\" content=\"summary_large_image\" \/>\n<meta name=\"twitter:label1\" content=\"Temps estimat de lectura\" \/>\n\t<meta name=\"twitter:data1\" content=\"1 minut\" \/>\n<script type=\"application\/ld+json\" class=\"yoast-schema-graph\">{\"@context\":\"https:\/\/schema.org\",\"@graph\":[{\"@type\":\"WebPage\",\"@id\":\"https:\/\/smartwm.es\/ca\/serveis\/\",\"url\":\"https:\/\/smartwm.es\/ca\/serveis\/\",\"name\":\"Serveis - Smart wealth management\",\"isPartOf\":{\"@id\":\"https:\/\/smartwm.es\/ca\/#website\"},\"datePublished\":\"2025-04-29T16:51:39+00:00\",\"dateModified\":\"2025-05-02T10:21:24+00:00\",\"breadcrumb\":{\"@id\":\"https:\/\/smartwm.es\/ca\/serveis\/#breadcrumb\"},\"inLanguage\":\"ca\",\"potentialAction\":[{\"@type\":\"ReadAction\",\"target\":[\"https:\/\/smartwm.es\/ca\/serveis\/\"]}]},{\"@type\":\"BreadcrumbList\",\"@id\":\"https:\/\/smartwm.es\/ca\/serveis\/#breadcrumb\",\"itemListElement\":[{\"@type\":\"ListItem\",\"position\":1,\"name\":\"Home\",\"item\":\"https:\/\/smartwm.es\/ca\/\"},{\"@type\":\"ListItem\",\"position\":2,\"name\":\"Serveis\"}]},{\"@type\":\"WebSite\",\"@id\":\"https:\/\/smartwm.es\/ca\/#website\",\"url\":\"https:\/\/smartwm.es\/ca\/\",\"name\":\"Smart wealth management\",\"description\":\"Tu patrimonio, nuestro compromiso\",\"publisher\":{\"@id\":\"https:\/\/smartwm.es\/ca\/#organization\"},\"potentialAction\":[{\"@type\":\"SearchAction\",\"target\":{\"@type\":\"EntryPoint\",\"urlTemplate\":\"https:\/\/smartwm.es\/ca\/?s={search_term_string}\"},\"query-input\":{\"@type\":\"PropertyValueSpecification\",\"valueRequired\":true,\"valueName\":\"search_term_string\"}}],\"inLanguage\":\"ca\"},{\"@type\":\"Organization\",\"@id\":\"https:\/\/smartwm.es\/ca\/#organization\",\"name\":\"Smart wealth management\",\"url\":\"https:\/\/smartwm.es\/ca\/\",\"logo\":{\"@type\":\"ImageObject\",\"inLanguage\":\"ca\",\"@id\":\"https:\/\/smartwm.es\/ca\/#\/schema\/logo\/image\/\",\"url\":\"https:\/\/smartwm.es\/wp-content\/uploads\/2025\/04\/logo-smartwm.png\",\"contentUrl\":\"https:\/\/smartwm.es\/wp-content\/uploads\/2025\/04\/logo-smartwm.png\",\"width\":279,\"height\":106,\"caption\":\"Smart wealth management\"},\"image\":{\"@id\":\"https:\/\/smartwm.es\/ca\/#\/schema\/logo\/image\/\"}}]}<\/script>\n<!-- \/ Yoast SEO plugin. -->","yoast_head_json":{"title":"Serveis - Smart wealth management","robots":{"index":"index","follow":"follow","max-snippet":"max-snippet:-1","max-image-preview":"max-image-preview:large","max-video-preview":"max-video-preview:-1"},"canonical":"https:\/\/smartwm.es\/ca\/serveis\/","og_locale":"ca_ES","og_type":"article","og_title":"Serveis - Smart wealth management","og_description":"\u00bf Qu\u00e8 oferim? Per nosaltres, gestionar un patrimoni va molt m\u00e9s enll\u00e0 de decidir en qu\u00e8 invertir. Un patrimoni no \u00e9s nom\u00e9s un conjunt d\u201factius financers: \u00e9s el reflex d\u201funa vida, d\u201funs valors i d\u201fun projecte de futur. Per aix\u00f2, el nostre enfocament sempre parteix d&#8217;una visi\u00f3 global, estrat\u00e8gica i profundament personalitzada . Oferim un...","og_url":"https:\/\/smartwm.es\/ca\/serveis\/","og_site_name":"Smart wealth management","article_modified_time":"2025-05-02T10:21:24+00:00","twitter_card":"summary_large_image","twitter_misc":{"Temps estimat de lectura":"1 minut"},"schema":{"@context":"https:\/\/schema.org","@graph":[{"@type":"WebPage","@id":"https:\/\/smartwm.es\/ca\/serveis\/","url":"https:\/\/smartwm.es\/ca\/serveis\/","name":"Serveis - Smart wealth management","isPartOf":{"@id":"https:\/\/smartwm.es\/ca\/#website"},"datePublished":"2025-04-29T16:51:39+00:00","dateModified":"2025-05-02T10:21:24+00:00","breadcrumb":{"@id":"https:\/\/smartwm.es\/ca\/serveis\/#breadcrumb"},"inLanguage":"ca","potentialAction":[{"@type":"ReadAction","target":["https:\/\/smartwm.es\/ca\/serveis\/"]}]},{"@type":"BreadcrumbList","@id":"https:\/\/smartwm.es\/ca\/serveis\/#breadcrumb","itemListElement":[{"@type":"ListItem","position":1,"name":"Home","item":"https:\/\/smartwm.es\/ca\/"},{"@type":"ListItem","position":2,"name":"Serveis"}]},{"@type":"WebSite","@id":"https:\/\/smartwm.es\/ca\/#website","url":"https:\/\/smartwm.es\/ca\/","name":"Smart wealth management","description":"Tu patrimonio, nuestro compromiso","publisher":{"@id":"https:\/\/smartwm.es\/ca\/#organization"},"potentialAction":[{"@type":"SearchAction","target":{"@type":"EntryPoint","urlTemplate":"https:\/\/smartwm.es\/ca\/?s={search_term_string}"},"query-input":{"@type":"PropertyValueSpecification","valueRequired":true,"valueName":"search_term_string"}}],"inLanguage":"ca"},{"@type":"Organization","@id":"https:\/\/smartwm.es\/ca\/#organization","name":"Smart wealth management","url":"https:\/\/smartwm.es\/ca\/","logo":{"@type":"ImageObject","inLanguage":"ca","@id":"https:\/\/smartwm.es\/ca\/#\/schema\/logo\/image\/","url":"https:\/\/smartwm.es\/wp-content\/uploads\/2025\/04\/logo-smartwm.png","contentUrl":"https:\/\/smartwm.es\/wp-content\/uploads\/2025\/04\/logo-smartwm.png","width":279,"height":106,"caption":"Smart wealth management"},"image":{"@id":"https:\/\/smartwm.es\/ca\/#\/schema\/logo\/image\/"}}]}},"_links":{"self":[{"href":"https:\/\/smartwm.es\/ca\/wp-json\/wp\/v2\/pages\/211","targetHints":{"allow":["GET"]}}],"collection":[{"href":"https:\/\/smartwm.es\/ca\/wp-json\/wp\/v2\/pages"}],"about":[{"href":"https:\/\/smartwm.es\/ca\/wp-json\/wp\/v2\/types\/page"}],"author":[{"embeddable":true,"href":"https:\/\/smartwm.es\/ca\/wp-json\/wp\/v2\/users\/1"}],"replies":[{"embeddable":true,"href":"https:\/\/smartwm.es\/ca\/wp-json\/wp\/v2\/comments?post=211"}],"version-history":[{"count":2,"href":"https:\/\/smartwm.es\/ca\/wp-json\/wp\/v2\/pages\/211\/revisions"}],"predecessor-version":[{"id":251,"href":"https:\/\/smartwm.es\/ca\/wp-json\/wp\/v2\/pages\/211\/revisions\/251"}],"wp:attachment":[{"href":"https:\/\/smartwm.es\/ca\/wp-json\/wp\/v2\/media?parent=211"}],"curies":[{"name":"wp","href":"https:\/\/api.w.org\/{rel}","templated":true}]}}