{"id":209,"date":"2025-04-29T18:37:24","date_gmt":"2025-04-29T16:37:24","guid":{"rendered":"https:\/\/smartwm.wwwood.info\/nosaltres\/"},"modified":"2025-05-02T12:21:41","modified_gmt":"2025-05-02T10:21:41","slug":"nosaltres","status":"publish","type":"page","link":"https:\/\/smartwm.es\/ca\/nosaltres\/","title":{"rendered":"Nosaltres"},"content":{"rendered":"\t\t<div data-elementor-type=\"wp-post\" data-elementor-id=\"209\" class=\"elementor elementor-209 elementor-68\" data-elementor-post-type=\"page\">\n\t\t\t\t\t\t<section class=\"elementor-section elementor-top-section elementor-element elementor-element-897853b elementor-section-height-min-height elementor-section-boxed elementor-section-height-default elementor-section-items-middle\" data-id=\"897853b\" data-element_type=\"section\" data-settings=\"{&quot;background_background&quot;:&quot;classic&quot;}\">\n\t\t\t\t\t\t<div class=\"elementor-container elementor-column-gap-default\">\n\t\t\t\t\t<div class=\"elementor-column elementor-col-100 elementor-top-column elementor-element elementor-element-5954d09\" data-id=\"5954d09\" data-element_type=\"column\">\n\t\t\t<div class=\"elementor-widget-wrap\">\n\t\t\t\t\t\t\t<\/div>\n\t\t<\/div>\n\t\t\t\t\t<\/div>\n\t\t<\/section>\n\t\t\t\t<section class=\"elementor-section elementor-top-section elementor-element elementor-element-ed5a084 elementor-section-boxed elementor-section-height-default elementor-section-height-default\" data-id=\"ed5a084\" data-element_type=\"section\">\n\t\t\t\t\t\t<div class=\"elementor-container elementor-column-gap-default\">\n\t\t\t\t\t<div class=\"elementor-column elementor-col-100 elementor-top-column elementor-element elementor-element-c001069\" data-id=\"c001069\" data-element_type=\"column\">\n\t\t\t<div class=\"elementor-widget-wrap elementor-element-populated\">\n\t\t\t\t\t\t<div class=\"elementor-element elementor-element-c829951 elementor-widget elementor-widget-heading\" data-id=\"c829951\" data-element_type=\"widget\" data-widget_type=\"heading.default\">\n\t\t\t\t<div class=\"elementor-widget-container\">\n\t\t\t\t\t<h1 class=\"elementor-heading-title elementor-size-default\">Qui som?<\/h1>\t\t\t\t<\/div>\n\t\t\t\t<\/div>\n\t\t\t\t<div class=\"elementor-element elementor-element-88183d7 elementor-widget elementor-widget-heading\" data-id=\"88183d7\" data-element_type=\"widget\" data-widget_type=\"heading.default\">\n\t\t\t\t<div class=\"elementor-widget-container\">\n\t\t\t\t\t<div class=\"elementor-heading-title elementor-size-default\">Som assessors patrimonials amb <b>m\u00e9s de 26 anys d'experi\u00e8ncia<\/b> al m\u00f3n financer, especialitzats\n en la gesti\u00f3 integral de patrimonis familiars i personals. Al llarg de la nostra traject\u00f2ria en entitats\n l\u00edders com La Caixa, Banco Banif i, actualment, com a agents de Bankinter, hem tingut el privilegi\n d'acompanyar grans clients durant anys, establint relacions s\u00f2lides, basades en la <b>confian\u00e7a<\/b> ,\n la <b>proximitat<\/b> i els <b>resultats<\/b> .<\/div>\t\t\t\t<\/div>\n\t\t\t\t<\/div>\n\t\t\t\t<div class=\"elementor-element elementor-element-a49b620 elementor-widget elementor-widget-heading\" data-id=\"a49b620\" data-element_type=\"widget\" data-widget_type=\"heading.default\">\n\t\t\t\t<div class=\"elementor-widget-container\">\n\t\t\t\t\t<div class=\"elementor-heading-title elementor-size-default\">El nostre prop\u00f2sit \u00e9s treballar colze a colze amb cada client, entendre els seus interessos, objectius i\n circumst\u00e0ncies per oferir un acompanyament veritablement personalitzat. Per nosaltres, gestionar\n un patrimoni no \u00e9s nom\u00e9s invertir: <b>\u00e9s comprendre, planificar i anticipar<\/b> .<\/div>\t\t\t\t<\/div>\n\t\t\t\t<\/div>\n\t\t\t\t<div class=\"elementor-element elementor-element-d044ae7 elementor-widget elementor-widget-heading\" data-id=\"d044ae7\" data-element_type=\"widget\" data-widget_type=\"heading.default\">\n\t\t\t\t<div class=\"elementor-widget-container\">\n\t\t\t\t\t<div class=\"elementor-heading-title elementor-size-default\">Ens formem constantment en \u00e0rees de valor afegit -fiscalitat, inversions alternatives, planificaci\u00f3\n success\u00f2ria i coaching co-actiu\u2014 per poder oferir una visi\u00f3 global, estrat\u00e8gica i alineada amb cada\n etapa vital i patrimonial. Gr\u00e0cies a la nostra independ\u00e8ncia, podem posar el focus exclusivament\n en all\u00f2 que realment importa: <b>el client i el seu patrimoni<\/b> .<\/div>\t\t\t\t<\/div>\n\t\t\t\t<\/div>\n\t\t\t\t<div class=\"elementor-element elementor-element-7924f56 elementor-widget elementor-widget-heading\" data-id=\"7924f56\" data-element_type=\"widget\" data-widget_type=\"heading.default\">\n\t\t\t\t<div class=\"elementor-widget-container\">\n\t\t\t\t\t<div class=\"elementor-heading-title elementor-size-default\">Creiem fermament en una <b>assessoria de 360 \u200b\u200bgraus<\/b> , que posi la persona al centre i que ajudi a\n prendre decisions informades, conscients i sostenibles en el temps.<\/div>\t\t\t\t<\/div>\n\t\t\t\t<\/div>\n\t\t\t\t\t<\/div>\n\t\t<\/div>\n\t\t\t\t\t<\/div>\n\t\t<\/section>\n\t\t\t\t<\/div>\n\t\t","protected":false},"excerpt":{"rendered":"<p>Qui som? Som assessors patrimonials amb m\u00e9s de 26 anys d&#8217;experi\u00e8ncia al m\u00f3n financer, especialitzats en la gesti\u00f3 integral de patrimonis familiars i personals. Al llarg de la nostra traject\u00f2ria en entitats l\u00edders com La Caixa, Banco Banif i, actualment, com a agents de Bankinter, hem tingut el privilegi d&#8217;acompanyar grans clients durant anys, establint<span class=\"more-dots\">&#8230;<\/span> <div class=\"more-link-wrap\"><a class=\"more-link\" href=\"https:\/\/smartwm.es\/ca\/nosaltres\/\">Read more<span class=\"screen-reader-text\"> \"Nosaltres\"<\/span><\/a><\/div><!-- .more-link --><\/p>\n","protected":false},"author":1,"featured_media":0,"parent":0,"menu_order":0,"comment_status":"closed","ping_status":"closed","template":"","meta":{"footnotes":""},"class_list":["post-209","page","type-page","status-publish","hentry",""],"yoast_head":"<!-- This site is optimized with the Yoast SEO plugin v26.7 - https:\/\/yoast.com\/wordpress\/plugins\/seo\/ -->\n<title>Nosaltres - Smart wealth management<\/title>\n<meta name=\"robots\" content=\"index, follow, max-snippet:-1, max-image-preview:large, max-video-preview:-1\" \/>\n<link rel=\"canonical\" href=\"https:\/\/smartwm.es\/ca\/nosaltres\/\" \/>\n<meta property=\"og:locale\" content=\"ca_ES\" \/>\n<meta property=\"og:type\" content=\"article\" \/>\n<meta property=\"og:title\" content=\"Nosaltres - Smart wealth management\" \/>\n<meta property=\"og:description\" content=\"Qui som? Som assessors patrimonials amb m\u00e9s de 26 anys d&#8217;experi\u00e8ncia al m\u00f3n financer, especialitzats en la gesti\u00f3 integral de patrimonis familiars i personals. Al llarg de la nostra traject\u00f2ria en entitats l\u00edders com La Caixa, Banco Banif i, actualment, com a agents de Bankinter, hem tingut el privilegi d&#8217;acompanyar grans clients durant anys, establint...\" \/>\n<meta property=\"og:url\" content=\"https:\/\/smartwm.es\/ca\/nosaltres\/\" \/>\n<meta property=\"og:site_name\" content=\"Smart wealth management\" \/>\n<meta property=\"article:modified_time\" content=\"2025-05-02T10:21:41+00:00\" \/>\n<meta name=\"twitter:card\" content=\"summary_large_image\" \/>\n<meta name=\"twitter:label1\" content=\"Temps estimat de lectura\" \/>\n\t<meta name=\"twitter:data1\" content=\"1 minut\" \/>\n<script type=\"application\/ld+json\" class=\"yoast-schema-graph\">{\"@context\":\"https:\/\/schema.org\",\"@graph\":[{\"@type\":\"WebPage\",\"@id\":\"https:\/\/smartwm.es\/ca\/nosaltres\/\",\"url\":\"https:\/\/smartwm.es\/ca\/nosaltres\/\",\"name\":\"Nosaltres - Smart wealth management\",\"isPartOf\":{\"@id\":\"https:\/\/smartwm.es\/ca\/#website\"},\"datePublished\":\"2025-04-29T16:37:24+00:00\",\"dateModified\":\"2025-05-02T10:21:41+00:00\",\"breadcrumb\":{\"@id\":\"https:\/\/smartwm.es\/ca\/nosaltres\/#breadcrumb\"},\"inLanguage\":\"ca\",\"potentialAction\":[{\"@type\":\"ReadAction\",\"target\":[\"https:\/\/smartwm.es\/ca\/nosaltres\/\"]}]},{\"@type\":\"BreadcrumbList\",\"@id\":\"https:\/\/smartwm.es\/ca\/nosaltres\/#breadcrumb\",\"itemListElement\":[{\"@type\":\"ListItem\",\"position\":1,\"name\":\"Home\",\"item\":\"https:\/\/smartwm.es\/ca\/\"},{\"@type\":\"ListItem\",\"position\":2,\"name\":\"Nosaltres\"}]},{\"@type\":\"WebSite\",\"@id\":\"https:\/\/smartwm.es\/ca\/#website\",\"url\":\"https:\/\/smartwm.es\/ca\/\",\"name\":\"Smart wealth management\",\"description\":\"Tu patrimonio, nuestro compromiso\",\"publisher\":{\"@id\":\"https:\/\/smartwm.es\/ca\/#organization\"},\"potentialAction\":[{\"@type\":\"SearchAction\",\"target\":{\"@type\":\"EntryPoint\",\"urlTemplate\":\"https:\/\/smartwm.es\/ca\/?s={search_term_string}\"},\"query-input\":{\"@type\":\"PropertyValueSpecification\",\"valueRequired\":true,\"valueName\":\"search_term_string\"}}],\"inLanguage\":\"ca\"},{\"@type\":\"Organization\",\"@id\":\"https:\/\/smartwm.es\/ca\/#organization\",\"name\":\"Smart wealth management\",\"url\":\"https:\/\/smartwm.es\/ca\/\",\"logo\":{\"@type\":\"ImageObject\",\"inLanguage\":\"ca\",\"@id\":\"https:\/\/smartwm.es\/ca\/#\/schema\/logo\/image\/\",\"url\":\"https:\/\/smartwm.es\/wp-content\/uploads\/2025\/04\/logo-smartwm.png\",\"contentUrl\":\"https:\/\/smartwm.es\/wp-content\/uploads\/2025\/04\/logo-smartwm.png\",\"width\":279,\"height\":106,\"caption\":\"Smart wealth management\"},\"image\":{\"@id\":\"https:\/\/smartwm.es\/ca\/#\/schema\/logo\/image\/\"}}]}<\/script>\n<!-- \/ Yoast SEO plugin. -->","yoast_head_json":{"title":"Nosaltres - Smart wealth management","robots":{"index":"index","follow":"follow","max-snippet":"max-snippet:-1","max-image-preview":"max-image-preview:large","max-video-preview":"max-video-preview:-1"},"canonical":"https:\/\/smartwm.es\/ca\/nosaltres\/","og_locale":"ca_ES","og_type":"article","og_title":"Nosaltres - Smart wealth management","og_description":"Qui som? Som assessors patrimonials amb m\u00e9s de 26 anys d&#8217;experi\u00e8ncia al m\u00f3n financer, especialitzats en la gesti\u00f3 integral de patrimonis familiars i personals. Al llarg de la nostra traject\u00f2ria en entitats l\u00edders com La Caixa, Banco Banif i, actualment, com a agents de Bankinter, hem tingut el privilegi d&#8217;acompanyar grans clients durant anys, establint...","og_url":"https:\/\/smartwm.es\/ca\/nosaltres\/","og_site_name":"Smart wealth management","article_modified_time":"2025-05-02T10:21:41+00:00","twitter_card":"summary_large_image","twitter_misc":{"Temps estimat de lectura":"1 minut"},"schema":{"@context":"https:\/\/schema.org","@graph":[{"@type":"WebPage","@id":"https:\/\/smartwm.es\/ca\/nosaltres\/","url":"https:\/\/smartwm.es\/ca\/nosaltres\/","name":"Nosaltres - Smart wealth management","isPartOf":{"@id":"https:\/\/smartwm.es\/ca\/#website"},"datePublished":"2025-04-29T16:37:24+00:00","dateModified":"2025-05-02T10:21:41+00:00","breadcrumb":{"@id":"https:\/\/smartwm.es\/ca\/nosaltres\/#breadcrumb"},"inLanguage":"ca","potentialAction":[{"@type":"ReadAction","target":["https:\/\/smartwm.es\/ca\/nosaltres\/"]}]},{"@type":"BreadcrumbList","@id":"https:\/\/smartwm.es\/ca\/nosaltres\/#breadcrumb","itemListElement":[{"@type":"ListItem","position":1,"name":"Home","item":"https:\/\/smartwm.es\/ca\/"},{"@type":"ListItem","position":2,"name":"Nosaltres"}]},{"@type":"WebSite","@id":"https:\/\/smartwm.es\/ca\/#website","url":"https:\/\/smartwm.es\/ca\/","name":"Smart wealth management","description":"Tu patrimonio, nuestro compromiso","publisher":{"@id":"https:\/\/smartwm.es\/ca\/#organization"},"potentialAction":[{"@type":"SearchAction","target":{"@type":"EntryPoint","urlTemplate":"https:\/\/smartwm.es\/ca\/?s={search_term_string}"},"query-input":{"@type":"PropertyValueSpecification","valueRequired":true,"valueName":"search_term_string"}}],"inLanguage":"ca"},{"@type":"Organization","@id":"https:\/\/smartwm.es\/ca\/#organization","name":"Smart wealth management","url":"https:\/\/smartwm.es\/ca\/","logo":{"@type":"ImageObject","inLanguage":"ca","@id":"https:\/\/smartwm.es\/ca\/#\/schema\/logo\/image\/","url":"https:\/\/smartwm.es\/wp-content\/uploads\/2025\/04\/logo-smartwm.png","contentUrl":"https:\/\/smartwm.es\/wp-content\/uploads\/2025\/04\/logo-smartwm.png","width":279,"height":106,"caption":"Smart wealth management"},"image":{"@id":"https:\/\/smartwm.es\/ca\/#\/schema\/logo\/image\/"}}]}},"_links":{"self":[{"href":"https:\/\/smartwm.es\/ca\/wp-json\/wp\/v2\/pages\/209","targetHints":{"allow":["GET"]}}],"collection":[{"href":"https:\/\/smartwm.es\/ca\/wp-json\/wp\/v2\/pages"}],"about":[{"href":"https:\/\/smartwm.es\/ca\/wp-json\/wp\/v2\/types\/page"}],"author":[{"embeddable":true,"href":"https:\/\/smartwm.es\/ca\/wp-json\/wp\/v2\/users\/1"}],"replies":[{"embeddable":true,"href":"https:\/\/smartwm.es\/ca\/wp-json\/wp\/v2\/comments?post=209"}],"version-history":[{"count":3,"href":"https:\/\/smartwm.es\/ca\/wp-json\/wp\/v2\/pages\/209\/revisions"}],"predecessor-version":[{"id":255,"href":"https:\/\/smartwm.es\/ca\/wp-json\/wp\/v2\/pages\/209\/revisions\/255"}],"wp:attachment":[{"href":"https:\/\/smartwm.es\/ca\/wp-json\/wp\/v2\/media?parent=209"}],"curies":[{"name":"wp","href":"https:\/\/api.w.org\/{rel}","templated":true}]}}