{"id":207,"date":"2025-04-29T19:04:12","date_gmt":"2025-04-29T17:04:12","guid":{"rendered":"https:\/\/smartwm.wwwood.info\/metode\/"},"modified":"2025-05-02T12:22:49","modified_gmt":"2025-05-02T10:22:49","slug":"metode","status":"publish","type":"page","link":"https:\/\/smartwm.es\/ca\/metode\/","title":{"rendered":"M\u00e8tode"},"content":{"rendered":"\t\t<div data-elementor-type=\"wp-post\" data-elementor-id=\"207\" class=\"elementor elementor-207 elementor-97\" data-elementor-post-type=\"page\">\n\t\t\t\t\t\t<section class=\"elementor-section elementor-top-section elementor-element elementor-element-897853b elementor-section-height-min-height elementor-section-boxed elementor-section-height-default elementor-section-items-middle\" data-id=\"897853b\" data-element_type=\"section\" data-settings=\"{&quot;background_background&quot;:&quot;classic&quot;}\">\n\t\t\t\t\t\t<div class=\"elementor-container elementor-column-gap-default\">\n\t\t\t\t\t<div class=\"elementor-column elementor-col-100 elementor-top-column elementor-element elementor-element-5954d09\" data-id=\"5954d09\" data-element_type=\"column\">\n\t\t\t<div class=\"elementor-widget-wrap\">\n\t\t\t\t\t\t\t<\/div>\n\t\t<\/div>\n\t\t\t\t\t<\/div>\n\t\t<\/section>\n\t\t\t\t<section class=\"elementor-section elementor-top-section elementor-element elementor-element-ed5a084 elementor-section-boxed elementor-section-height-default elementor-section-height-default\" data-id=\"ed5a084\" data-element_type=\"section\">\n\t\t\t\t\t\t<div class=\"elementor-container elementor-column-gap-default\">\n\t\t\t\t\t<div class=\"elementor-column elementor-col-100 elementor-top-column elementor-element elementor-element-c001069\" data-id=\"c001069\" data-element_type=\"column\">\n\t\t\t<div class=\"elementor-widget-wrap elementor-element-populated\">\n\t\t\t\t\t\t<div class=\"elementor-element elementor-element-c829951 elementor-widget elementor-widget-heading\" data-id=\"c829951\" data-element_type=\"widget\" data-widget_type=\"heading.default\">\n\t\t\t\t<div class=\"elementor-widget-container\">\n\t\t\t\t\t<h1 class=\"elementor-heading-title elementor-size-default\">Per qu\u00e8 nosaltres?<\/h1>\t\t\t\t<\/div>\n\t\t\t\t<\/div>\n\t\t\t\t<div class=\"elementor-element elementor-element-c8e6e6e elementor-widget elementor-widget-text-editor\" data-id=\"c8e6e6e\" data-element_type=\"widget\" data-widget_type=\"text-editor.default\">\n\t\t\t\t<div class=\"elementor-widget-container\">\n\t\t\t\t\t\t\t\t\t<p>Perqu\u00e8 comptem amb m\u00e9s de 26 anys d&#8217;experi\u00e8ncia acompanyant fam\u00edlies i grans patrimonis a totes les etapes de la seva vida financera. Hem viscut cicles econ\u00f2mics, canvis fiscals i transformacions del mercat, i seguim aqu\u00ed, amb la mateixa vocaci\u00f3 d&#8217;oferir un assessorament proper, estrat\u00e8gic i de valor real.<\/p><p>Entenem que gestionar un patrimoni no \u00e9s nom\u00e9s una q\u00fcesti\u00f3 de rendibilitat, sin\u00f3 de confian\u00e7a, continu\u00eftat i visi\u00f3 de futur.<\/p><p>Acompanyem els nostres clients \u2014ia les seves fam\u00edlies\u2014 durant anys, i sabem que darrere de cada decisi\u00f3 hi ha objectius personals, professionals i emocionals.<\/p><p>Treballem amb independ\u00e8ncia, comprom\u00eds i una visi\u00f3 100% centrada al client, sense pressions comercials ni productes propis. El que ens mou \u00e9s aportar claredat, anticipar-nos als escenaris i estar disponibles quan se&#8217;ns necessiten, sense horaris r\u00edgids ni burocr\u00e0cia.<\/p><p>No som un banc, ni ho pretenem. Som els seus assessors de refer\u00e8ncia, el seu suport de confian\u00e7a i la seva mirada experta per a tot all\u00f2 que afecta el patrimoni familiar.<\/p><p>I si avui ens escullen els fills dels qui van ser els nostres primers clients, \u00e9s perqu\u00e8 hem fet de la confian\u00e7a una her\u00e8ncia constru\u00efda amb experi\u00e8ncia.<\/p>\t\t\t\t\t\t\t\t<\/div>\n\t\t\t\t<\/div>\n\t\t\t\t\t<\/div>\n\t\t<\/div>\n\t\t\t\t\t<\/div>\n\t\t<\/section>\n\t\t\t\t<\/div>\n\t\t","protected":false},"excerpt":{"rendered":"<p>Per qu\u00e8 nosaltres? Perqu\u00e8 comptem amb m\u00e9s de 26 anys d&#8217;experi\u00e8ncia acompanyant fam\u00edlies i grans patrimonis a totes les etapes de la seva vida financera. Hem viscut cicles econ\u00f2mics, canvis fiscals i transformacions del mercat, i seguim aqu\u00ed, amb la mateixa vocaci\u00f3 d&#8217;oferir un assessorament proper, estrat\u00e8gic i de valor real. Entenem que gestionar un<span class=\"more-dots\">&#8230;<\/span> <div class=\"more-link-wrap\"><a class=\"more-link\" href=\"https:\/\/smartwm.es\/ca\/metode\/\">Read more<span class=\"screen-reader-text\"> \"M\u00e8tode\"<\/span><\/a><\/div><!-- .more-link --><\/p>\n","protected":false},"author":1,"featured_media":0,"parent":0,"menu_order":0,"comment_status":"closed","ping_status":"closed","template":"","meta":{"footnotes":""},"class_list":["post-207","page","type-page","status-publish","hentry",""],"yoast_head":"<!-- This site is optimized with the Yoast SEO plugin v26.7 - https:\/\/yoast.com\/wordpress\/plugins\/seo\/ -->\n<title>M\u00e8tode - Smart wealth management<\/title>\n<meta name=\"robots\" content=\"index, follow, max-snippet:-1, max-image-preview:large, max-video-preview:-1\" \/>\n<link rel=\"canonical\" href=\"https:\/\/smartwm.es\/ca\/metode\/\" \/>\n<meta property=\"og:locale\" content=\"ca_ES\" \/>\n<meta property=\"og:type\" content=\"article\" \/>\n<meta property=\"og:title\" content=\"M\u00e8tode - Smart wealth management\" \/>\n<meta property=\"og:description\" content=\"Per qu\u00e8 nosaltres? Perqu\u00e8 comptem amb m\u00e9s de 26 anys d&#8217;experi\u00e8ncia acompanyant fam\u00edlies i grans patrimonis a totes les etapes de la seva vida financera. Hem viscut cicles econ\u00f2mics, canvis fiscals i transformacions del mercat, i seguim aqu\u00ed, amb la mateixa vocaci\u00f3 d&#8217;oferir un assessorament proper, estrat\u00e8gic i de valor real. Entenem que gestionar un...\" \/>\n<meta property=\"og:url\" content=\"https:\/\/smartwm.es\/ca\/metode\/\" \/>\n<meta property=\"og:site_name\" content=\"Smart wealth management\" \/>\n<meta property=\"article:modified_time\" content=\"2025-05-02T10:22:49+00:00\" \/>\n<meta name=\"twitter:card\" content=\"summary_large_image\" \/>\n<meta name=\"twitter:label1\" content=\"Temps estimat de lectura\" \/>\n\t<meta name=\"twitter:data1\" content=\"1 minut\" \/>\n<script type=\"application\/ld+json\" class=\"yoast-schema-graph\">{\"@context\":\"https:\/\/schema.org\",\"@graph\":[{\"@type\":\"WebPage\",\"@id\":\"https:\/\/smartwm.es\/ca\/metode\/\",\"url\":\"https:\/\/smartwm.es\/ca\/metode\/\",\"name\":\"M\u00e8tode - Smart wealth management\",\"isPartOf\":{\"@id\":\"https:\/\/smartwm.es\/ca\/#website\"},\"datePublished\":\"2025-04-29T17:04:12+00:00\",\"dateModified\":\"2025-05-02T10:22:49+00:00\",\"breadcrumb\":{\"@id\":\"https:\/\/smartwm.es\/ca\/metode\/#breadcrumb\"},\"inLanguage\":\"ca\",\"potentialAction\":[{\"@type\":\"ReadAction\",\"target\":[\"https:\/\/smartwm.es\/ca\/metode\/\"]}]},{\"@type\":\"BreadcrumbList\",\"@id\":\"https:\/\/smartwm.es\/ca\/metode\/#breadcrumb\",\"itemListElement\":[{\"@type\":\"ListItem\",\"position\":1,\"name\":\"Home\",\"item\":\"https:\/\/smartwm.es\/ca\/\"},{\"@type\":\"ListItem\",\"position\":2,\"name\":\"M\u00e8tode\"}]},{\"@type\":\"WebSite\",\"@id\":\"https:\/\/smartwm.es\/ca\/#website\",\"url\":\"https:\/\/smartwm.es\/ca\/\",\"name\":\"Smart wealth management\",\"description\":\"Tu patrimonio, nuestro compromiso\",\"publisher\":{\"@id\":\"https:\/\/smartwm.es\/ca\/#organization\"},\"potentialAction\":[{\"@type\":\"SearchAction\",\"target\":{\"@type\":\"EntryPoint\",\"urlTemplate\":\"https:\/\/smartwm.es\/ca\/?s={search_term_string}\"},\"query-input\":{\"@type\":\"PropertyValueSpecification\",\"valueRequired\":true,\"valueName\":\"search_term_string\"}}],\"inLanguage\":\"ca\"},{\"@type\":\"Organization\",\"@id\":\"https:\/\/smartwm.es\/ca\/#organization\",\"name\":\"Smart wealth management\",\"url\":\"https:\/\/smartwm.es\/ca\/\",\"logo\":{\"@type\":\"ImageObject\",\"inLanguage\":\"ca\",\"@id\":\"https:\/\/smartwm.es\/ca\/#\/schema\/logo\/image\/\",\"url\":\"https:\/\/smartwm.es\/wp-content\/uploads\/2025\/04\/logo-smartwm.png\",\"contentUrl\":\"https:\/\/smartwm.es\/wp-content\/uploads\/2025\/04\/logo-smartwm.png\",\"width\":279,\"height\":106,\"caption\":\"Smart wealth management\"},\"image\":{\"@id\":\"https:\/\/smartwm.es\/ca\/#\/schema\/logo\/image\/\"}}]}<\/script>\n<!-- \/ Yoast SEO plugin. -->","yoast_head_json":{"title":"M\u00e8tode - Smart wealth management","robots":{"index":"index","follow":"follow","max-snippet":"max-snippet:-1","max-image-preview":"max-image-preview:large","max-video-preview":"max-video-preview:-1"},"canonical":"https:\/\/smartwm.es\/ca\/metode\/","og_locale":"ca_ES","og_type":"article","og_title":"M\u00e8tode - Smart wealth management","og_description":"Per qu\u00e8 nosaltres? Perqu\u00e8 comptem amb m\u00e9s de 26 anys d&#8217;experi\u00e8ncia acompanyant fam\u00edlies i grans patrimonis a totes les etapes de la seva vida financera. Hem viscut cicles econ\u00f2mics, canvis fiscals i transformacions del mercat, i seguim aqu\u00ed, amb la mateixa vocaci\u00f3 d&#8217;oferir un assessorament proper, estrat\u00e8gic i de valor real. Entenem que gestionar un...","og_url":"https:\/\/smartwm.es\/ca\/metode\/","og_site_name":"Smart wealth management","article_modified_time":"2025-05-02T10:22:49+00:00","twitter_card":"summary_large_image","twitter_misc":{"Temps estimat de lectura":"1 minut"},"schema":{"@context":"https:\/\/schema.org","@graph":[{"@type":"WebPage","@id":"https:\/\/smartwm.es\/ca\/metode\/","url":"https:\/\/smartwm.es\/ca\/metode\/","name":"M\u00e8tode - Smart wealth management","isPartOf":{"@id":"https:\/\/smartwm.es\/ca\/#website"},"datePublished":"2025-04-29T17:04:12+00:00","dateModified":"2025-05-02T10:22:49+00:00","breadcrumb":{"@id":"https:\/\/smartwm.es\/ca\/metode\/#breadcrumb"},"inLanguage":"ca","potentialAction":[{"@type":"ReadAction","target":["https:\/\/smartwm.es\/ca\/metode\/"]}]},{"@type":"BreadcrumbList","@id":"https:\/\/smartwm.es\/ca\/metode\/#breadcrumb","itemListElement":[{"@type":"ListItem","position":1,"name":"Home","item":"https:\/\/smartwm.es\/ca\/"},{"@type":"ListItem","position":2,"name":"M\u00e8tode"}]},{"@type":"WebSite","@id":"https:\/\/smartwm.es\/ca\/#website","url":"https:\/\/smartwm.es\/ca\/","name":"Smart wealth management","description":"Tu patrimonio, nuestro compromiso","publisher":{"@id":"https:\/\/smartwm.es\/ca\/#organization"},"potentialAction":[{"@type":"SearchAction","target":{"@type":"EntryPoint","urlTemplate":"https:\/\/smartwm.es\/ca\/?s={search_term_string}"},"query-input":{"@type":"PropertyValueSpecification","valueRequired":true,"valueName":"search_term_string"}}],"inLanguage":"ca"},{"@type":"Organization","@id":"https:\/\/smartwm.es\/ca\/#organization","name":"Smart wealth management","url":"https:\/\/smartwm.es\/ca\/","logo":{"@type":"ImageObject","inLanguage":"ca","@id":"https:\/\/smartwm.es\/ca\/#\/schema\/logo\/image\/","url":"https:\/\/smartwm.es\/wp-content\/uploads\/2025\/04\/logo-smartwm.png","contentUrl":"https:\/\/smartwm.es\/wp-content\/uploads\/2025\/04\/logo-smartwm.png","width":279,"height":106,"caption":"Smart wealth management"},"image":{"@id":"https:\/\/smartwm.es\/ca\/#\/schema\/logo\/image\/"}}]}},"_links":{"self":[{"href":"https:\/\/smartwm.es\/ca\/wp-json\/wp\/v2\/pages\/207","targetHints":{"allow":["GET"]}}],"collection":[{"href":"https:\/\/smartwm.es\/ca\/wp-json\/wp\/v2\/pages"}],"about":[{"href":"https:\/\/smartwm.es\/ca\/wp-json\/wp\/v2\/types\/page"}],"author":[{"embeddable":true,"href":"https:\/\/smartwm.es\/ca\/wp-json\/wp\/v2\/users\/1"}],"replies":[{"embeddable":true,"href":"https:\/\/smartwm.es\/ca\/wp-json\/wp\/v2\/comments?post=207"}],"version-history":[{"count":2,"href":"https:\/\/smartwm.es\/ca\/wp-json\/wp\/v2\/pages\/207\/revisions"}],"predecessor-version":[{"id":259,"href":"https:\/\/smartwm.es\/ca\/wp-json\/wp\/v2\/pages\/207\/revisions\/259"}],"wp:attachment":[{"href":"https:\/\/smartwm.es\/ca\/wp-json\/wp\/v2\/media?parent=207"}],"curies":[{"name":"wp","href":"https:\/\/api.w.org\/{rel}","templated":true}]}}