{"id":205,"date":"2025-05-02T09:08:32","date_gmt":"2025-05-02T07:08:32","guid":{"rendered":"https:\/\/smartwm.wwwood.info\/confianca\/"},"modified":"2025-05-02T12:26:41","modified_gmt":"2025-05-02T10:26:41","slug":"confianca","status":"publish","type":"page","link":"https:\/\/smartwm.es\/ca\/confianca\/","title":{"rendered":"Confian\u00e7a"},"content":{"rendered":"\t\t<div data-elementor-type=\"wp-post\" data-elementor-id=\"205\" class=\"elementor elementor-205 elementor-125\" data-elementor-post-type=\"page\">\n\t\t\t\t\t\t<section class=\"elementor-section elementor-top-section elementor-element elementor-element-897853b elementor-section-height-min-height elementor-section-boxed elementor-section-height-default elementor-section-items-middle\" data-id=\"897853b\" data-element_type=\"section\" data-settings=\"{&quot;background_background&quot;:&quot;classic&quot;}\">\n\t\t\t\t\t\t<div class=\"elementor-container elementor-column-gap-default\">\n\t\t\t\t\t<div class=\"elementor-column elementor-col-100 elementor-top-column elementor-element elementor-element-5954d09\" data-id=\"5954d09\" data-element_type=\"column\">\n\t\t\t<div class=\"elementor-widget-wrap\">\n\t\t\t\t\t\t\t<\/div>\n\t\t<\/div>\n\t\t\t\t\t<\/div>\n\t\t<\/section>\n\t\t\t\t<section class=\"elementor-section elementor-top-section elementor-element elementor-element-ed5a084 elementor-section-boxed elementor-section-height-default elementor-section-height-default\" data-id=\"ed5a084\" data-element_type=\"section\">\n\t\t\t\t\t\t<div class=\"elementor-container elementor-column-gap-default\">\n\t\t\t\t\t<div class=\"elementor-column elementor-col-100 elementor-top-column elementor-element elementor-element-c001069\" data-id=\"c001069\" data-element_type=\"column\">\n\t\t\t<div class=\"elementor-widget-wrap elementor-element-populated\">\n\t\t\t\t\t\t<div class=\"elementor-element elementor-element-c829951 elementor-widget elementor-widget-heading\" data-id=\"c829951\" data-element_type=\"widget\" data-widget_type=\"heading.default\">\n\t\t\t\t<div class=\"elementor-widget-container\">\n\t\t\t\t\t<h1 class=\"elementor-heading-title elementor-size-default\">\u00bf Com ho oferim?<\/h1>\t\t\t\t<\/div>\n\t\t\t\t<\/div>\n\t\t\t\t<div class=\"elementor-element elementor-element-c8e6e6e elementor-widget elementor-widget-text-editor\" data-id=\"c8e6e6e\" data-element_type=\"widget\" data-widget_type=\"text-editor.default\">\n\t\t\t\t<div class=\"elementor-widget-container\">\n\t\t\t\t\t\t\t\t\t<p>Treballem amb un model de relaci\u00f3 exclusiu i personalitzat, pensat per als que valoren tenir una visi\u00f3 global i centralitzada del patrimoni. Molts dels nostres clients arriben amb posicions disperses a diferents entitats o vehicles, i confien en nosaltres per consolidar i simplificar aquesta complexitat en una estrat\u00e8gia clara i cohesionada.<\/p><p>Actuem com a directors financers de la fam\u00edlia, ajudant a anticipar escenaris, analitzar riscos i prendre decisions informades des d&#8217;una perspectiva integral: financera, fiscal, legal i emocional. Sempre tenim en compte el perfil de risc i la situaci\u00f3 particular de cada membre de la fam\u00edlia perqu\u00e8 cada persona i cada moment requereixen solucions diferents.<\/p><p>El nostre enfocament no es basa en oferir productes sin\u00f3 en dissenyar una estructura patrimonial robusta i coherent, alineada amb els objectius de cada fam\u00edlia. Elaborem una planificaci\u00f3 estructurada del patrimoni, orientada a optimitzar l&#8217;assignaci\u00f3 d&#8217;actius i facilitar-ne la transmissi\u00f3 a les generacions seg\u00fcents amb la m\u00e0xima efici\u00e8ncia.<\/p><p>Un dels valors que m\u00e9s destaquen els nostres clients \u00e9s la nostra disponibilitat constant. No treballem amb horaris d&#8217;oficina estrictes ni estructures r\u00edgides: hi som quan se&#8217;ns necessita, per resoldre dubtes, revisar decisions o aportar claredat amb agilitat. Ens convertim en el primer punt de contacte davant de qualsevol q\u00fcesti\u00f3 patrimonial o financera, i aix\u00f2 marca la difer\u00e8ncia.<\/p><p>No competim amb els bancs ni amb les grans entitats. El que ens distingeix \u00e9s la nostra proximitat, comprom\u00eds i rapidesa de resposta, qualitats que valoren profundament els qui confien en nosaltres.<\/p>\t\t\t\t\t\t\t\t<\/div>\n\t\t\t\t<\/div>\n\t\t\t\t\t<\/div>\n\t\t<\/div>\n\t\t\t\t\t<\/div>\n\t\t<\/section>\n\t\t\t\t<\/div>\n\t\t","protected":false},"excerpt":{"rendered":"<p>\u00bf Com ho oferim? Treballem amb un model de relaci\u00f3 exclusiu i personalitzat, pensat per als que valoren tenir una visi\u00f3 global i centralitzada del patrimoni. Molts dels nostres clients arriben amb posicions disperses a diferents entitats o vehicles, i confien en nosaltres per consolidar i simplificar aquesta complexitat en una estrat\u00e8gia clara i cohesionada.<span class=\"more-dots\">&#8230;<\/span> <div class=\"more-link-wrap\"><a class=\"more-link\" href=\"https:\/\/smartwm.es\/ca\/confianca\/\">Read more<span class=\"screen-reader-text\"> \"Confian\u00e7a\"<\/span><\/a><\/div><!-- .more-link --><\/p>\n","protected":false},"author":1,"featured_media":0,"parent":0,"menu_order":0,"comment_status":"closed","ping_status":"closed","template":"","meta":{"footnotes":""},"class_list":["post-205","page","type-page","status-publish","hentry",""],"yoast_head":"<!-- This site is optimized with the Yoast SEO plugin v26.7 - https:\/\/yoast.com\/wordpress\/plugins\/seo\/ -->\n<title>Confian\u00e7a - Smart wealth management<\/title>\n<meta name=\"robots\" content=\"index, follow, max-snippet:-1, max-image-preview:large, max-video-preview:-1\" \/>\n<link rel=\"canonical\" href=\"https:\/\/smartwm.es\/ca\/confianca\/\" \/>\n<meta property=\"og:locale\" content=\"ca_ES\" \/>\n<meta property=\"og:type\" content=\"article\" \/>\n<meta property=\"og:title\" content=\"Confian\u00e7a - Smart wealth management\" \/>\n<meta property=\"og:description\" content=\"\u00bf Com ho oferim? Treballem amb un model de relaci\u00f3 exclusiu i personalitzat, pensat per als que valoren tenir una visi\u00f3 global i centralitzada del patrimoni. Molts dels nostres clients arriben amb posicions disperses a diferents entitats o vehicles, i confien en nosaltres per consolidar i simplificar aquesta complexitat en una estrat\u00e8gia clara i cohesionada....\" \/>\n<meta property=\"og:url\" content=\"https:\/\/smartwm.es\/ca\/confianca\/\" \/>\n<meta property=\"og:site_name\" content=\"Smart wealth management\" \/>\n<meta property=\"article:modified_time\" content=\"2025-05-02T10:26:41+00:00\" \/>\n<meta name=\"twitter:card\" content=\"summary_large_image\" \/>\n<meta name=\"twitter:label1\" content=\"Temps estimat de lectura\" \/>\n\t<meta name=\"twitter:data1\" content=\"1 minut\" \/>\n<script type=\"application\/ld+json\" class=\"yoast-schema-graph\">{\"@context\":\"https:\/\/schema.org\",\"@graph\":[{\"@type\":\"WebPage\",\"@id\":\"https:\/\/smartwm.es\/ca\/confianca\/\",\"url\":\"https:\/\/smartwm.es\/ca\/confianca\/\",\"name\":\"Confian\u00e7a - Smart wealth management\",\"isPartOf\":{\"@id\":\"https:\/\/smartwm.es\/ca\/#website\"},\"datePublished\":\"2025-05-02T07:08:32+00:00\",\"dateModified\":\"2025-05-02T10:26:41+00:00\",\"breadcrumb\":{\"@id\":\"https:\/\/smartwm.es\/ca\/confianca\/#breadcrumb\"},\"inLanguage\":\"ca\",\"potentialAction\":[{\"@type\":\"ReadAction\",\"target\":[\"https:\/\/smartwm.es\/ca\/confianca\/\"]}]},{\"@type\":\"BreadcrumbList\",\"@id\":\"https:\/\/smartwm.es\/ca\/confianca\/#breadcrumb\",\"itemListElement\":[{\"@type\":\"ListItem\",\"position\":1,\"name\":\"Home\",\"item\":\"https:\/\/smartwm.es\/ca\/\"},{\"@type\":\"ListItem\",\"position\":2,\"name\":\"Confian\u00e7a\"}]},{\"@type\":\"WebSite\",\"@id\":\"https:\/\/smartwm.es\/ca\/#website\",\"url\":\"https:\/\/smartwm.es\/ca\/\",\"name\":\"Smart wealth management\",\"description\":\"Tu patrimonio, nuestro compromiso\",\"publisher\":{\"@id\":\"https:\/\/smartwm.es\/ca\/#organization\"},\"potentialAction\":[{\"@type\":\"SearchAction\",\"target\":{\"@type\":\"EntryPoint\",\"urlTemplate\":\"https:\/\/smartwm.es\/ca\/?s={search_term_string}\"},\"query-input\":{\"@type\":\"PropertyValueSpecification\",\"valueRequired\":true,\"valueName\":\"search_term_string\"}}],\"inLanguage\":\"ca\"},{\"@type\":\"Organization\",\"@id\":\"https:\/\/smartwm.es\/ca\/#organization\",\"name\":\"Smart wealth management\",\"url\":\"https:\/\/smartwm.es\/ca\/\",\"logo\":{\"@type\":\"ImageObject\",\"inLanguage\":\"ca\",\"@id\":\"https:\/\/smartwm.es\/ca\/#\/schema\/logo\/image\/\",\"url\":\"https:\/\/smartwm.es\/wp-content\/uploads\/2025\/04\/logo-smartwm.png\",\"contentUrl\":\"https:\/\/smartwm.es\/wp-content\/uploads\/2025\/04\/logo-smartwm.png\",\"width\":279,\"height\":106,\"caption\":\"Smart wealth management\"},\"image\":{\"@id\":\"https:\/\/smartwm.es\/ca\/#\/schema\/logo\/image\/\"}}]}<\/script>\n<!-- \/ Yoast SEO plugin. -->","yoast_head_json":{"title":"Confian\u00e7a - Smart wealth management","robots":{"index":"index","follow":"follow","max-snippet":"max-snippet:-1","max-image-preview":"max-image-preview:large","max-video-preview":"max-video-preview:-1"},"canonical":"https:\/\/smartwm.es\/ca\/confianca\/","og_locale":"ca_ES","og_type":"article","og_title":"Confian\u00e7a - Smart wealth management","og_description":"\u00bf Com ho oferim? Treballem amb un model de relaci\u00f3 exclusiu i personalitzat, pensat per als que valoren tenir una visi\u00f3 global i centralitzada del patrimoni. Molts dels nostres clients arriben amb posicions disperses a diferents entitats o vehicles, i confien en nosaltres per consolidar i simplificar aquesta complexitat en una estrat\u00e8gia clara i cohesionada....","og_url":"https:\/\/smartwm.es\/ca\/confianca\/","og_site_name":"Smart wealth management","article_modified_time":"2025-05-02T10:26:41+00:00","twitter_card":"summary_large_image","twitter_misc":{"Temps estimat de lectura":"1 minut"},"schema":{"@context":"https:\/\/schema.org","@graph":[{"@type":"WebPage","@id":"https:\/\/smartwm.es\/ca\/confianca\/","url":"https:\/\/smartwm.es\/ca\/confianca\/","name":"Confian\u00e7a - Smart wealth management","isPartOf":{"@id":"https:\/\/smartwm.es\/ca\/#website"},"datePublished":"2025-05-02T07:08:32+00:00","dateModified":"2025-05-02T10:26:41+00:00","breadcrumb":{"@id":"https:\/\/smartwm.es\/ca\/confianca\/#breadcrumb"},"inLanguage":"ca","potentialAction":[{"@type":"ReadAction","target":["https:\/\/smartwm.es\/ca\/confianca\/"]}]},{"@type":"BreadcrumbList","@id":"https:\/\/smartwm.es\/ca\/confianca\/#breadcrumb","itemListElement":[{"@type":"ListItem","position":1,"name":"Home","item":"https:\/\/smartwm.es\/ca\/"},{"@type":"ListItem","position":2,"name":"Confian\u00e7a"}]},{"@type":"WebSite","@id":"https:\/\/smartwm.es\/ca\/#website","url":"https:\/\/smartwm.es\/ca\/","name":"Smart wealth management","description":"Tu patrimonio, nuestro compromiso","publisher":{"@id":"https:\/\/smartwm.es\/ca\/#organization"},"potentialAction":[{"@type":"SearchAction","target":{"@type":"EntryPoint","urlTemplate":"https:\/\/smartwm.es\/ca\/?s={search_term_string}"},"query-input":{"@type":"PropertyValueSpecification","valueRequired":true,"valueName":"search_term_string"}}],"inLanguage":"ca"},{"@type":"Organization","@id":"https:\/\/smartwm.es\/ca\/#organization","name":"Smart wealth management","url":"https:\/\/smartwm.es\/ca\/","logo":{"@type":"ImageObject","inLanguage":"ca","@id":"https:\/\/smartwm.es\/ca\/#\/schema\/logo\/image\/","url":"https:\/\/smartwm.es\/wp-content\/uploads\/2025\/04\/logo-smartwm.png","contentUrl":"https:\/\/smartwm.es\/wp-content\/uploads\/2025\/04\/logo-smartwm.png","width":279,"height":106,"caption":"Smart wealth management"},"image":{"@id":"https:\/\/smartwm.es\/ca\/#\/schema\/logo\/image\/"}}]}},"_links":{"self":[{"href":"https:\/\/smartwm.es\/ca\/wp-json\/wp\/v2\/pages\/205","targetHints":{"allow":["GET"]}}],"collection":[{"href":"https:\/\/smartwm.es\/ca\/wp-json\/wp\/v2\/pages"}],"about":[{"href":"https:\/\/smartwm.es\/ca\/wp-json\/wp\/v2\/types\/page"}],"author":[{"embeddable":true,"href":"https:\/\/smartwm.es\/ca\/wp-json\/wp\/v2\/users\/1"}],"replies":[{"embeddable":true,"href":"https:\/\/smartwm.es\/ca\/wp-json\/wp\/v2\/comments?post=205"}],"version-history":[{"count":2,"href":"https:\/\/smartwm.es\/ca\/wp-json\/wp\/v2\/pages\/205\/revisions"}],"predecessor-version":[{"id":267,"href":"https:\/\/smartwm.es\/ca\/wp-json\/wp\/v2\/pages\/205\/revisions\/267"}],"wp:attachment":[{"href":"https:\/\/smartwm.es\/ca\/wp-json\/wp\/v2\/media?parent=205"}],"curies":[{"name":"wp","href":"https:\/\/api.w.org\/{rel}","templated":true}]}}