{"id":203,"date":"2025-04-29T18:13:41","date_gmt":"2025-04-29T16:13:41","guid":{"rendered":"https:\/\/smartwm.wwwood.info\/home\/"},"modified":"2025-05-05T15:13:12","modified_gmt":"2025-05-05T13:13:12","slug":"home","status":"publish","type":"page","link":"https:\/\/smartwm.es\/ca\/","title":{"rendered":"Home"},"content":{"rendered":"\t\t<div data-elementor-type=\"wp-post\" data-elementor-id=\"203\" class=\"elementor elementor-203 elementor-9\" data-elementor-post-type=\"page\">\n\t\t\t\t\t\t<section class=\"elementor-section elementor-top-section elementor-element elementor-element-897853b elementor-section-height-min-height elementor-section-boxed elementor-section-height-default elementor-section-items-middle\" data-id=\"897853b\" data-element_type=\"section\" data-settings=\"{&quot;background_background&quot;:&quot;classic&quot;}\">\n\t\t\t\t\t\t<div class=\"elementor-container elementor-column-gap-default\">\n\t\t\t\t\t<div class=\"elementor-column elementor-col-100 elementor-top-column elementor-element elementor-element-5954d09\" data-id=\"5954d09\" data-element_type=\"column\">\n\t\t\t<div class=\"elementor-widget-wrap\">\n\t\t\t\t\t\t\t<\/div>\n\t\t<\/div>\n\t\t\t\t\t<\/div>\n\t\t<\/section>\n\t\t\t\t<section class=\"elementor-section elementor-top-section elementor-element elementor-element-ed5a084 elementor-section-boxed elementor-section-height-default elementor-section-height-default\" data-id=\"ed5a084\" data-element_type=\"section\">\n\t\t\t\t\t\t<div class=\"elementor-container elementor-column-gap-default\">\n\t\t\t\t\t<div class=\"elementor-column elementor-col-100 elementor-top-column elementor-element elementor-element-c001069\" data-id=\"c001069\" data-element_type=\"column\">\n\t\t\t<div class=\"elementor-widget-wrap elementor-element-populated\">\n\t\t\t\t\t\t<div class=\"elementor-element elementor-element-c829951 elementor-widget elementor-widget-heading\" data-id=\"c829951\" data-element_type=\"widget\" data-widget_type=\"heading.default\">\n\t\t\t\t<div class=\"elementor-widget-container\">\n\t\t\t\t\t<h1 class=\"elementor-heading-title elementor-size-default\">\"El teu patrimoni, el nostre <em>comprom\u00eds<\/em> \"<\/h1>\t\t\t\t<\/div>\n\t\t\t\t<\/div>\n\t\t\t\t<div class=\"elementor-element elementor-element-88183d7 elementor-widget elementor-widget-heading\" data-id=\"88183d7\" data-element_type=\"widget\" data-widget_type=\"heading.default\">\n\t\t\t\t<div class=\"elementor-widget-container\">\n\t\t\t\t\t<h2 class=\"elementor-heading-title elementor-size-default\">\"Smart Wealth Management som assessors patrimonials amb m\u00e9s de 26 anys d'experi\u00e8ncia, ajudant fam\u00edlies a protegir i fer cr\u00e9ixer el seu llegat.\"<\/h2>\t\t\t\t<\/div>\n\t\t\t\t<\/div>\n\t\t\t\t\t<\/div>\n\t\t<\/div>\n\t\t\t\t\t<\/div>\n\t\t<\/section>\n\t\t\t\t<section class=\"elementor-section elementor-top-section elementor-element elementor-element-b4d05ee elementor-section-boxed elementor-section-height-default elementor-section-height-default\" data-id=\"b4d05ee\" data-element_type=\"section\">\n\t\t\t\t\t\t<div class=\"elementor-container elementor-column-gap-default\">\n\t\t\t\t\t<div class=\"elementor-column elementor-col-25 elementor-top-column elementor-element elementor-element-05dd6b3\" data-id=\"05dd6b3\" data-element_type=\"column\">\n\t\t\t<div class=\"elementor-widget-wrap elementor-element-populated\">\n\t\t\t\t\t\t<div class=\"elementor-element elementor-element-013852f e-transform elementor-view-default elementor-position-top elementor-mobile-position-top elementor-invisible elementor-widget elementor-widget-icon-box\" data-id=\"013852f\" data-element_type=\"widget\" data-settings=\"{&quot;_animation&quot;:&quot;fadeIn&quot;,&quot;_transform_scale_effect_hover&quot;:{&quot;unit&quot;:&quot;px&quot;,&quot;size&quot;:1.1,&quot;sizes&quot;:[]},&quot;_transform_scale_effect_hover_laptop&quot;:{&quot;unit&quot;:&quot;px&quot;,&quot;size&quot;:&quot;&quot;,&quot;sizes&quot;:[]},&quot;_transform_scale_effect_hover_tablet&quot;:{&quot;unit&quot;:&quot;px&quot;,&quot;size&quot;:&quot;&quot;,&quot;sizes&quot;:[]},&quot;_transform_scale_effect_hover_mobile&quot;:{&quot;unit&quot;:&quot;px&quot;,&quot;size&quot;:&quot;&quot;,&quot;sizes&quot;:[]}}\" data-widget_type=\"icon-box.default\">\n\t\t\t\t<div class=\"elementor-widget-container\">\n\t\t\t\t\t\t\t<div class=\"elementor-icon-box-wrapper\">\n\n\t\t\t\t\t\t<div class=\"elementor-icon-box-icon\">\n\t\t\t\t<a href=\"https:\/\/smartwm.es\/nosotros\/\" class=\"elementor-icon\" tabindex=\"-1\" aria-label=\"NOSALTRES\">\n\t\t\t\t<svg xmlns=\"http:\/\/www.w3.org\/2000\/svg\" viewBox=\"0 0 350 350\" width=\"350\" height=\"350\"><defs><clipPath clipPathUnits=\"userSpaceOnUse\" id=\"cp1\"><path d=\"m-153-1349h2000v2000h-2000z\"><\/path><\/clipPath><\/defs><style>.a{fill:#fff}<\/style><g clip-path=\"url(#cp1)\"><path d=\"m175 350c96.6 0 175-78.4 175-175 0-96.7-78.4-175-175-175-96.6 0-175 78.3-175 175 0 96.6 78.4 175 175 175z\"><\/path><path fill-rule=\"evenodd\" class=\"a\" d=\"m222.4 189.1v-0.1zm-10.9 1.8v11.3c0 5.4-4.4 9.9-9.8 9.9h-10.9v14h-44.6v-20.5h3.8v16.8h37.1v-14.1h14.6c3.4 0 6.1-2.7 6.1-6.1v-14.5l8.5-1.3-8.5-13.5v-8.8c0-18.9-15.4-34.3-34.3-34.3-5.7 0-11.2 1.4-16.2 4l-1.7-3.3c5.5-2.9 11.7-4.4 17.9-4.4 21 0 38 17 38 38q0 0.2 0 0.4c0 0.2 0 7.2 0 7.4l10.9 17.2zm-73.7-13.9c-3.7-3.1-6-7.7-6-12.5 0-9 7.3-16.2 16.2-16.2 8.9 0 16.2 7.3 16.2 16.2 0 4.8-2.2 9.4-6 12.5v9.4h-20.4zm2.9-2.5l0.8 0.6v7.5h13v-7.5l0.8-0.6c3.3-2.3 5.2-6.1 5.2-10 0-6.9-5.6-12.5-12.5-12.5-6.8 0-12.4 5.6-12.4 12.5 0 3.9 1.9 7.7 5.1 10zm9.2-29.1h-3.7v-7.3h3.7zm-17.8 7.7l-5.2-5.2 2.7-2.6 5.1 5.1zm34.4-7.8l2.7 2.7-5.2 5.1-2.6-2.6zm0.7 23.3v-3.7h7.3v3.7zm-45.7-3.7h7.3v3.7h-7.3zm37.2 24.2v3.7h-21.4v-3.7zm-2 10.1h-17.5v-3.8h17.5z\"><\/path><\/g><\/svg>\t\t\t\t<\/a>\n\t\t\t<\/div>\n\t\t\t\n\t\t\t\t\t\t<div class=\"elementor-icon-box-content\">\n\n\t\t\t\t\t\t\t\t\t<h3 class=\"elementor-icon-box-title\">\n\t\t\t\t\t\t<a href=\"https:\/\/smartwm.es\/nosotros\/\" >\n\t\t\t\t\t\t\tNOSALTRES\t\t\t\t\t\t<\/a>\n\t\t\t\t\t<\/h3>\n\t\t\t\t\n\t\t\t\t\n\t\t\t<\/div>\n\t\t\t\n\t\t<\/div>\n\t\t\t\t\t\t<\/div>\n\t\t\t\t<\/div>\n\t\t\t\t\t<\/div>\n\t\t<\/div>\n\t\t\t\t<div class=\"elementor-column elementor-col-25 elementor-top-column elementor-element elementor-element-e2323fe\" data-id=\"e2323fe\" data-element_type=\"column\">\n\t\t\t<div class=\"elementor-widget-wrap elementor-element-populated\">\n\t\t\t\t\t\t<div class=\"elementor-element elementor-element-baa8b3a e-transform elementor-view-default elementor-position-top elementor-mobile-position-top elementor-invisible elementor-widget elementor-widget-icon-box\" data-id=\"baa8b3a\" data-element_type=\"widget\" data-settings=\"{&quot;_animation&quot;:&quot;fadeIn&quot;,&quot;_animation_delay&quot;:100,&quot;_transform_scale_effect_hover&quot;:{&quot;unit&quot;:&quot;px&quot;,&quot;size&quot;:1.1,&quot;sizes&quot;:[]},&quot;_transform_scale_effect_hover_laptop&quot;:{&quot;unit&quot;:&quot;px&quot;,&quot;size&quot;:&quot;&quot;,&quot;sizes&quot;:[]},&quot;_transform_scale_effect_hover_tablet&quot;:{&quot;unit&quot;:&quot;px&quot;,&quot;size&quot;:&quot;&quot;,&quot;sizes&quot;:[]},&quot;_transform_scale_effect_hover_mobile&quot;:{&quot;unit&quot;:&quot;px&quot;,&quot;size&quot;:&quot;&quot;,&quot;sizes&quot;:[]}}\" data-widget_type=\"icon-box.default\">\n\t\t\t\t<div class=\"elementor-widget-container\">\n\t\t\t\t\t\t\t<div class=\"elementor-icon-box-wrapper\">\n\n\t\t\t\t\t\t<div class=\"elementor-icon-box-icon\">\n\t\t\t\t<a href=\"https:\/\/smartwm.es\/servicios\/\" class=\"elementor-icon\" tabindex=\"-1\" aria-label=\"SERVEIS\">\n\t\t\t\t<svg xmlns=\"http:\/\/www.w3.org\/2000\/svg\" viewBox=\"0 0 350 350\" width=\"350\" height=\"350\"><defs><clipPath clipPathUnits=\"userSpaceOnUse\" id=\"cp1\"><path d=\"m-600-1350h2000v2000h-2000z\"><\/path><\/clipPath><\/defs><style>.a{fill:#fff}<\/style><g clip-path=\"url(#cp1)\"><path d=\"m175 350c96.6 0 175-78.4 175-175 0-96.7-78.4-175-175-175-96.6 0-175 78.3-175 175 0 96.6 78.4 175 175 175z\"><\/path><path fill-rule=\"evenodd\" class=\"a\" d=\"m182.1 132.1v1.5h3.3c3.3 0 6.2 1.6 8.1 4q0 0 0.1 0h15.5c1.2 0 2.1 0.9 2.1 2.1v83.2c0 1.2-0.9 2.1-2.1 2.1h-68.2c-1.2 0-2.1-0.9-2.1-2.1v-83.2c0-1.2 0.9-2.1 2.1-2.1h15.5q0.1 0 0.1 0c0.3-0.3 0.5-0.7 0.8-1 2-1.9 4.6-3 7.3-3h3.3v-1.2c0-3.8 2.8-7 6.3-7.4 2.1-0.2 4.1 0.5 5.6 1.8 1.5 1.4 2.3 3.3 2.3 5.3zm13.3 9.7q0.2 1 0.2 2c0 1.2-0.9 2.1-2 2.1h-37.2c-1.1 0-2-0.9-2-2.1q0-1 0.2-2h-11.6v79h64v-79zm-15.4-4c-1.1 0-2.1-1-2.1-2.1v-3.6c0-0.8-0.3-1.6-0.9-2.2-0.7-0.5-1.5-0.8-2.3-0.7-1.5 0.1-2.6 1.5-2.6 3.2v3.3c0 1.1-1 2.1-2.1 2.1h-5.4c-1.6 0-3.2 0.6-4.3 1.8q-1 0.9-1.4 2.1h32.2c-0.8-2.3-3.1-3.9-5.7-3.9z\"><\/path><path class=\"a\" d=\"m180.9 157.5l-9.5 9.5-2.3-2.3c-0.8-0.8-2.1-0.8-2.9 0-0.8 0.8-0.8 2.1 0 3l3.7 3.7c0.5 0.4 1 0.6 1.5 0.6 0.6 0 1.1-0.2 1.5-0.6l10.9-10.9c0.8-0.8 0.8-2.1 0-3-0.8-0.8-2.1-0.8-2.9 0z\"><\/path><path class=\"a\" d=\"m180.9 189l-9.5 9.5-2.3-2.3c-0.8-0.8-2.1-0.8-2.9 0-0.8 0.8-0.8 2.1 0 2.9l3.7 3.8c0.5 0.4 1 0.6 1.5 0.6 0.6 0 1.1-0.2 1.5-0.6l10.9-10.9c0.8-0.8 0.8-2.2 0-3-0.8-0.8-2.1-0.8-2.9 0z\"><\/path><\/g><\/svg>\t\t\t\t<\/a>\n\t\t\t<\/div>\n\t\t\t\n\t\t\t\t\t\t<div class=\"elementor-icon-box-content\">\n\n\t\t\t\t\t\t\t\t\t<h3 class=\"elementor-icon-box-title\">\n\t\t\t\t\t\t<a href=\"https:\/\/smartwm.es\/servicios\/\" >\n\t\t\t\t\t\t\tSERVEIS\t\t\t\t\t\t<\/a>\n\t\t\t\t\t<\/h3>\n\t\t\t\t\n\t\t\t\t\n\t\t\t<\/div>\n\t\t\t\n\t\t<\/div>\n\t\t\t\t\t\t<\/div>\n\t\t\t\t<\/div>\n\t\t\t\t\t<\/div>\n\t\t<\/div>\n\t\t\t\t<div class=\"elementor-column elementor-col-25 elementor-top-column elementor-element elementor-element-b62098f\" data-id=\"b62098f\" data-element_type=\"column\">\n\t\t\t<div class=\"elementor-widget-wrap elementor-element-populated\">\n\t\t\t\t\t\t<div class=\"elementor-element elementor-element-e5bfaa0 e-transform elementor-view-default elementor-position-top elementor-mobile-position-top elementor-invisible elementor-widget elementor-widget-icon-box\" data-id=\"e5bfaa0\" data-element_type=\"widget\" data-settings=\"{&quot;_animation&quot;:&quot;fadeIn&quot;,&quot;_animation_delay&quot;:200,&quot;_transform_scale_effect_hover&quot;:{&quot;unit&quot;:&quot;px&quot;,&quot;size&quot;:1.1,&quot;sizes&quot;:[]},&quot;_transform_scale_effect_hover_laptop&quot;:{&quot;unit&quot;:&quot;px&quot;,&quot;size&quot;:&quot;&quot;,&quot;sizes&quot;:[]},&quot;_transform_scale_effect_hover_tablet&quot;:{&quot;unit&quot;:&quot;px&quot;,&quot;size&quot;:&quot;&quot;,&quot;sizes&quot;:[]},&quot;_transform_scale_effect_hover_mobile&quot;:{&quot;unit&quot;:&quot;px&quot;,&quot;size&quot;:&quot;&quot;,&quot;sizes&quot;:[]}}\" data-widget_type=\"icon-box.default\">\n\t\t\t\t<div class=\"elementor-widget-container\">\n\t\t\t\t\t\t\t<div class=\"elementor-icon-box-wrapper\">\n\n\t\t\t\t\t\t<div class=\"elementor-icon-box-icon\">\n\t\t\t\t<a href=\"https:\/\/smartwm.es\/metodo\/\" class=\"elementor-icon\" tabindex=\"-1\" aria-label=\"M\u00c8TODE\">\n\t\t\t\t<svg xmlns=\"http:\/\/www.w3.org\/2000\/svg\" viewBox=\"0 0 350 350\" width=\"350\" height=\"350\"><defs><clipPath clipPathUnits=\"userSpaceOnUse\" id=\"cp1\"><path d=\"m-1050-1350h2000v2000h-2000z\"><\/path><\/clipPath><\/defs><style>.a{fill:#fff}<\/style><g clip-path=\"url(#cp1)\"><path d=\"m175 350c96.6 0 175-78.4 175-175 0-96.7-78.4-175-175-175-96.6 0-175 78.3-175 175 0 96.6 78.4 175 175 175z\"><\/path><path fill-rule=\"evenodd\" class=\"a\" d=\"m224.7 152.2c-0.2 0.8-0.8 1.3-1.6 1.3-0.7 0-1.4 0.2-2 0.5-0.6 0.4-1 0.9-1.3 1.6-0.3 0.6-0.3 1.2-0.1 1.8 0.1 0.7 0.5 1.3 1 1.8 0.6 0.5 0.7 1.4 0.3 2q-1.2 1.7-2.7 3.2-1.5 1.5-3.2 2.7c-0.6 0.5-1.5 0.4-2-0.2-0.5-0.5-1.2-0.9-1.9-1.1-0.6-0.2-1.3-0.1-2 0.1-0.6 0.3-1 0.7-1.4 1.3-0.3 0.6-0.5 1.3-0.4 2 0 0.8-0.5 1.4-1.3 1.6-2.7 0.5-5.5 0.5-8.3 0-0.8-0.1-1.3-0.8-1.3-1.6 0.1-0.7-0.1-1.4-0.5-2-0.4-0.5-0.9-1-1.5-1.3-0.7-0.2-1.4-0.3-2-0.1-0.7 0.2-1.3 0.5-1.8 1-0.5 0.6-1.4 0.7-2 0.3q-1.8-1.1-3.3-2.7-1.5-1.5-2.7-3.3c-0.4-0.6-0.3-1.4 0.3-1.9 0.5-0.5 0.9-1.1 1.1-1.7 0.1-0.7 0.1-1.3-0.2-1.9-0.3-0.6-0.7-1.2-1.2-1.5l-0.1-0.1c-0.6-0.3-1.3-0.5-1.9-0.5-0.8 0.1-1.5-0.4-1.6-1.1q-0.6-2.1-0.6-4.3 0-2.2 0.5-4.3c0.2-0.7 0.8-1.1 1.5-1.1 1.4 0 2.7-0.8 3.2-2.1 0.5-1.3 0.2-2.7-0.8-3.7-0.5-0.5-0.6-1.3-0.2-1.9q1.2-1.7 2.7-3.2 1.6-1.5 3.3-2.7c0.7-0.5 1.6-0.4 2.1 0.2 0.5 0.5 1.1 0.9 1.8 1.1 0.6 0.1 1.3 0.1 1.9-0.2 1.3-0.5 2.1-1.8 2-3.2 0-0.8 0.5-1.5 1.3-1.6q2.1-0.4 4.2-0.4 2.1 0 4.1 0.4c0.8 0.1 1.3 0.7 1.3 1.5-0.1 0.7 0.1 1.4 0.4 2 0.4 0.5 0.8 0.9 1.4 1.1 0.7 0.3 1.4 0.4 2.1 0.2 0.7-0.1 1.3-0.4 1.8-0.9 0.5-0.6 1.3-0.7 2-0.2q1.7 1.2 3.2 2.6 1.4 1.5 2.6 3.2c0.5 0.6 0.4 1.5-0.2 2.1-0.5 0.4-0.9 1-1.1 1.7-0.1 0.6-0.1 1.3 0.2 1.9 0.3 0.7 0.7 1.2 1.3 1.5 0.6 0.4 1.3 0.6 2 0.6 0.8-0.1 1.4 0.5 1.6 1.2 0.5 2.8 0.5 5.6 0 8.3zm-2.8-6.6q-1.3-0.2-2.4-0.9c-1.1-0.7-2-1.7-2.5-2.9-0.5-1.2-0.6-2.6-0.3-3.8q0.3-1.2 1.1-2.3-1.6-1.9-3.5-3.5-1.1 0.7-2.4 1c-1.3 0.3-2.6 0.1-3.8-0.4-1.2-0.4-2.2-1.3-2.9-2.4q-0.6-1-0.8-2.2-1.2-0.2-2.4-0.2-1.3 0-2.5 0.2c-0.4 2.2-1.9 4-3.9 4.8-1.2 0.5-2.5 0.6-3.8 0.3q-1.2-0.3-2.2-1.1-1.1 0.9-2.1 1.8-0.9 0.8-1.6 1.8c1.2 1.8 1.4 4 0.6 6-0.8 2-2.6 3.4-4.7 3.8q-0.3 1.2-0.3 2.5 0.1 1.2 0.3 2.4 0 0 0 0 1.3 0.2 2.4 0.9 0.1 0.1 0.1 0.1c1.1 0.7 1.9 1.7 2.4 2.9 0.5 1.2 0.6 2.5 0.3 3.8q-0.3 1.2-1.1 2.2 0.7 1 1.6 1.9 0.9 0.9 1.9 1.6 1.1-0.7 2.4-1c1.2-0.4 2.6-0.3 3.8 0.2 1.2 0.5 2.3 1.4 3 2.5q0.7 1.1 0.9 2.4 2.4 0.3 4.9 0 0.2-1.3 0.8-2.4c0.7-1.1 1.7-2 2.9-2.5 1.2-0.5 2.5-0.6 3.8-0.2q1.3 0.3 2.4 1 1-0.7 1.8-1.6 0.9-0.9 1.7-1.9-0.8-1-1.1-2.2c-0.3-1.3-0.2-2.6 0.3-3.8 0.5-1.2 1.4-2.2 2.5-2.9q1.1-0.7 2.4-0.9 0.3-2.5 0-5zm-40.1 4.9q0 0 0 0z\"><\/path><path fill-rule=\"evenodd\" class=\"a\" d=\"m210.2 153.8c-2.6 4-7.8 5.6-12.3 3.7-4.5-1.9-7-6.6-6.1-11.4 1-4.7 5.1-8.2 10-8.2 2.7 0 5.3 1.1 7.2 3 3.4 3.4 3.9 8.8 1.2 12.9zm-1.3-5.7c0-1.9-0.7-3.7-2.1-5.1-2.4-2.4-6.1-2.7-9-0.8-2.8 1.8-3.9 5.5-2.6 8.6 1.3 3.2 4.6 5 8 4.3 3.3-0.7 5.7-3.6 5.7-7z\"><\/path><path fill-rule=\"evenodd\" class=\"a\" d=\"m193.2 197.9q-0.5 3.2-1.7 6.2-1.3 3-3.2 5.7c-0.5 0.5-1.2 0.7-1.9 0.4-1.1-0.4-2.3-0.6-3.4-0.3-1.2 0.2-2.3 0.8-3.2 1.7-1.7 1.7-2.2 4.4-1.2 6.7 0.3 0.7 0 1.5-0.7 1.9q-2.6 1.7-5.5 2.8-2.9 1.2-6 1.9c-0.7 0.1-1.5-0.3-1.7-1-0.4-1.1-1.1-2.1-2.1-2.7-1-0.7-2.2-1.1-3.5-1.1-2.4 0-4.6 1.6-5.5 3.9-0.2 0.7-1 1.1-1.7 1q-3.1-0.7-6-1.9-3-1.3-5.8-3.1c-0.6-0.4-0.8-1.2-0.5-1.9 0.5-1.1 0.7-2.4 0.5-3.6-0.5-2.4-2.4-4.3-4.8-4.7-1.2-0.2-2.5-0.1-3.6 0.4-0.7 0.3-1.5 0.1-1.9-0.5-2.3-3.6-3.9-7.5-4.8-11.7-0.2-0.7 0.2-1.5 1-1.7 1.1-0.4 2.1-1.2 2.8-2.2 1.5-2 1.5-4.7 0.1-6.7-0.7-1-1.7-1.8-2.8-2.2-0.8-0.2-1.2-1-1-1.7q0.6-3.1 1.8-6 1.1-2.9 2.8-5.5c0.5-0.7 1.3-0.9 2-0.6 1.7 0.8 3.6 0.8 5.3-0.1 1.6-0.9 2.8-2.5 3.1-4.3 0.2-1.3 0-2.5-0.5-3.7-0.3-0.7-0.1-1.5 0.5-1.9 3.6-2.3 7.6-3.9 11.7-4.8 0.8-0.2 1.5 0.3 1.8 1 0.4 1.2 1.2 2.2 2.2 3 1 0.7 2.1 1.1 3.3 1.1 1.2 0 2.4-0.4 3.3-1.1 1.1-0.8 1.9-1.8 2.3-3 0.3-0.7 1-1.2 1.7-1 4.2 0.8 8.2 2.5 11.7 4.8 0.7 0.5 0.9 1.3 0.6 1.9-0.6 1.2-0.7 2.4-0.5 3.6 0.2 1.2 0.7 2.3 1.6 3.2 1.7 1.7 4.3 2.2 6.6 1.1 0.6-0.3 1.4-0.1 1.8 0.5q1.9 2.7 3.2 5.8 1.2 2.9 1.8 6c0.2 0.8-0.3 1.5-1 1.7-2.4 0.9-3.9 3.1-3.9 5.5 0 2.5 1.6 4.7 3.9 5.5 0.7 0.2 1.1 0.9 1 1.7zm-3.2 0.6c-2.9-1.5-4.7-4.5-4.7-7.8 0-3.3 1.8-6.3 4.7-7.8q-0.5-2.2-1.4-4.3-0.9-2.1-2.2-4.2c-2.4 0.8-5 0.4-7.2-0.9-2.1-1.4-3.6-3.6-4-6.1-0.2-1.3-0.1-2.8 0.3-4.1-2.7-1.6-5.5-2.8-8.5-3.5-0.7 1.3-1.6 2.4-2.8 3.2-3 2.3-7.2 2.3-10.2 0-1.1-0.8-2.1-1.9-2.7-3.2-3 0.8-5.8 1.9-8.5 3.5 0.4 1.4 0.5 2.8 0.3 4.2-0.4 2.5-1.9 4.8-4.1 6.1-2.2 1.4-4.9 1.8-7.4 1q-1.1 2-1.9 4-0.9 2.1-1.4 4.3c2.9 1.6 4.6 4.6 4.6 7.8 0 1.9-0.5 3.7-1.6 5.1-0.8 1.2-1.9 2.1-3.1 2.8 0.8 2.9 1.9 5.8 3.5 8.4 1.3-0.4 2.7-0.4 4.1-0.2 3.7 0.6 6.6 3.5 7.2 7.2 0.3 1.4 0.2 2.8-0.2 4.1q2.1 1.2 4.3 2.2 2 0.9 4.2 1.4c1.6-2.8 4.6-4.6 7.8-4.6 1.9 0 3.7 0.5 5.2 1.6 1.1 0.7 2 1.7 2.7 2.9q2.2-0.5 4.3-1.4 2.1-0.8 4-2c-0.8-3.1 0.1-6.5 2.4-8.8 1.3-1.3 2.9-2.1 4.7-2.5 1.4-0.3 2.8-0.2 4.1 0.1q1.3-1.9 2.2-4.1 0.9-2.1 1.3-4.4z\"><\/path><path fill-rule=\"evenodd\" class=\"a\" d=\"m171.4 199c-4 5.8-11.4 8.1-17.9 5.4-6.5-2.7-10.2-9.6-8.9-16.5 1.4-6.9 7.5-11.9 14.5-11.9 3.9 0 7.7 1.6 10.4 4.3 5 5 5.8 12.8 1.9 18.7zm-0.6-8.2c0-5.6-3.9-10.4-9.4-11.5-5.5-1.1-11 1.8-13.1 7-2.2 5.1-0.3 11.1 4.3 14.2 4.6 3.1 10.8 2.5 14.8-1.5 2.2-2.1 3.4-5.1 3.4-8.2z\"><\/path><\/g><\/svg>\t\t\t\t<\/a>\n\t\t\t<\/div>\n\t\t\t\n\t\t\t\t\t\t<div class=\"elementor-icon-box-content\">\n\n\t\t\t\t\t\t\t\t\t<h3 class=\"elementor-icon-box-title\">\n\t\t\t\t\t\t<a href=\"https:\/\/smartwm.es\/metodo\/\" >\n\t\t\t\t\t\t\tM\u00c8TODE\t\t\t\t\t\t<\/a>\n\t\t\t\t\t<\/h3>\n\t\t\t\t\n\t\t\t\t\n\t\t\t<\/div>\n\t\t\t\n\t\t<\/div>\n\t\t\t\t\t\t<\/div>\n\t\t\t\t<\/div>\n\t\t\t\t\t<\/div>\n\t\t<\/div>\n\t\t\t\t<div class=\"elementor-column elementor-col-25 elementor-top-column elementor-element elementor-element-88abde1\" data-id=\"88abde1\" data-element_type=\"column\">\n\t\t\t<div class=\"elementor-widget-wrap elementor-element-populated\">\n\t\t\t\t\t\t<div class=\"elementor-element elementor-element-a004daa e-transform elementor-view-default elementor-position-top elementor-mobile-position-top elementor-invisible elementor-widget elementor-widget-icon-box\" data-id=\"a004daa\" data-element_type=\"widget\" data-settings=\"{&quot;_animation&quot;:&quot;fadeIn&quot;,&quot;_animation_delay&quot;:300,&quot;_transform_scale_effect_hover&quot;:{&quot;unit&quot;:&quot;px&quot;,&quot;size&quot;:1.1,&quot;sizes&quot;:[]},&quot;_transform_scale_effect_hover_laptop&quot;:{&quot;unit&quot;:&quot;px&quot;,&quot;size&quot;:&quot;&quot;,&quot;sizes&quot;:[]},&quot;_transform_scale_effect_hover_tablet&quot;:{&quot;unit&quot;:&quot;px&quot;,&quot;size&quot;:&quot;&quot;,&quot;sizes&quot;:[]},&quot;_transform_scale_effect_hover_mobile&quot;:{&quot;unit&quot;:&quot;px&quot;,&quot;size&quot;:&quot;&quot;,&quot;sizes&quot;:[]}}\" data-widget_type=\"icon-box.default\">\n\t\t\t\t<div class=\"elementor-widget-container\">\n\t\t\t\t\t\t\t<div class=\"elementor-icon-box-wrapper\">\n\n\t\t\t\t\t\t<div class=\"elementor-icon-box-icon\">\n\t\t\t\t<a href=\"https:\/\/smartwm.es\/confianza\/\" class=\"elementor-icon\" tabindex=\"-1\" aria-label=\"CONFIAN\u00c7A\">\n\t\t\t\t<svg xmlns=\"http:\/\/www.w3.org\/2000\/svg\" viewBox=\"0 0 350 350\" width=\"350\" height=\"350\"><defs><clipPath clipPathUnits=\"userSpaceOnUse\" id=\"cp1\"><path d=\"m-1500-1350h2000v2000h-2000z\"><\/path><\/clipPath><\/defs><style>.a{fill:#fff}<\/style><g clip-path=\"url(#cp1)\"><path d=\"m175 350c96.6 0 175-78.4 175-175 0-96.7-78.4-175-175-175-96.6 0-175 78.3-175 175 0 96.6 78.4 175 175 175z\"><\/path><path class=\"a\" d=\"m174 225.3c-23.9-8-40-30.3-40-55.5v-10.6c0-1.7 1.4-3.2 3.2-3.2 1.7 0 3.1 1.5 3.1 3.2v10.6c0 22.1 13.9 41.8 34.7 49.1 20.8-7.3 34.7-27 34.7-49.1v-20.2c-13.4-0.8-25.8-6.9-34.7-17-9.6 10.9-23.3 17.1-37.8 17.1-1.8 0-3.2-1.4-3.2-3.1 0-1.7 1.4-3.2 3.2-3.2 13 0 25.4-5.7 33.7-15.8l1.7-2c1.2-1.4 3.6-1.4 4.8 0l1.7 2c8.4 10.1 20.7 15.8 33.7 15.8 1.8 0 3.2 1.5 3.2 3.2v23.2c0 25.2-16.1 47.5-40 55.5-0.6 0.2-1.3 0.2-2 0z\"><\/path><path class=\"a\" d=\"m171.8 190.7c-0.8 0-1.6-0.3-2.2-0.9l-12.6-12.6c-1.2-1.2-1.2-3.2 0-4.4 1.2-1.3 3.2-1.3 4.4 0l10.6 10.5 23-20.1c1.3-1.2 3.3-1 4.4 0.3 1.2 1.3 1.1 3.3-0.2 4.4-27.4 23.9-25.7 22.9-27.4 22.9z\"><\/path><\/g><\/svg>\t\t\t\t<\/a>\n\t\t\t<\/div>\n\t\t\t\n\t\t\t\t\t\t<div class=\"elementor-icon-box-content\">\n\n\t\t\t\t\t\t\t\t\t<h3 class=\"elementor-icon-box-title\">\n\t\t\t\t\t\t<a href=\"https:\/\/smartwm.es\/confianza\/\" >\n\t\t\t\t\t\t\tCONFIAN\u00c7A\t\t\t\t\t\t<\/a>\n\t\t\t\t\t<\/h3>\n\t\t\t\t\n\t\t\t\t\n\t\t\t<\/div>\n\t\t\t\n\t\t<\/div>\n\t\t\t\t\t\t<\/div>\n\t\t\t\t<\/div>\n\t\t\t\t\t<\/div>\n\t\t<\/div>\n\t\t\t\t\t<\/div>\n\t\t<\/section>\n\t\t\t\t<\/div>\n\t\t","protected":false},"excerpt":{"rendered":"<p>&#8220;El teu patrimoni, el nostre comprom\u00eds &#8220; &#8220;Smart Wealth Management som assessors patrimonials amb m\u00e9s de 26 anys d&#8217;experi\u00e8ncia, ajudant fam\u00edlies a protegir i fer cr\u00e9ixer el seu llegat.&#8221; NOSALTRES SERVEIS M\u00c8TODE CONFIAN\u00c7A <div class=\"more-link-wrap\"><a class=\"more-link\" href=\"https:\/\/smartwm.es\/ca\/\">Read more<span class=\"screen-reader-text\"> \"Home\"<\/span><\/a><\/div><!-- .more-link --><\/p>\n","protected":false},"author":1,"featured_media":0,"parent":0,"menu_order":0,"comment_status":"closed","ping_status":"closed","template":"","meta":{"footnotes":""},"class_list":["post-203","page","type-page","status-publish","hentry",""],"yoast_head":"<!-- This site is optimized with the Yoast SEO plugin v26.7 - https:\/\/yoast.com\/wordpress\/plugins\/seo\/ -->\n<title>Home - Smart wealth management<\/title>\n<meta name=\"robots\" content=\"index, follow, max-snippet:-1, max-image-preview:large, max-video-preview:-1\" \/>\n<link rel=\"canonical\" href=\"https:\/\/smartwm.es\/ca\/\" \/>\n<meta property=\"og:locale\" content=\"ca_ES\" \/>\n<meta property=\"og:type\" content=\"article\" \/>\n<meta property=\"og:title\" content=\"Home - Smart wealth management\" \/>\n<meta property=\"og:description\" content=\"&#8220;El teu patrimoni, el nostre comprom\u00eds &#8220; &#8220;Smart Wealth Management som assessors patrimonials amb m\u00e9s de 26 anys d&#8217;experi\u00e8ncia, ajudant fam\u00edlies a protegir i fer cr\u00e9ixer el seu llegat.&#8221; NOSALTRES SERVEIS M\u00c8TODE CONFIAN\u00c7A\" \/>\n<meta property=\"og:url\" content=\"https:\/\/smartwm.es\/ca\/\" \/>\n<meta property=\"og:site_name\" content=\"Smart wealth management\" \/>\n<meta property=\"article:modified_time\" content=\"2025-05-05T13:13:12+00:00\" \/>\n<meta name=\"twitter:card\" content=\"summary_large_image\" \/>\n<script type=\"application\/ld+json\" class=\"yoast-schema-graph\">{\"@context\":\"https:\/\/schema.org\",\"@graph\":[{\"@type\":\"WebPage\",\"@id\":\"https:\/\/smartwm.es\/ca\/\",\"url\":\"https:\/\/smartwm.es\/ca\/\",\"name\":\"Home - Smart wealth management\",\"isPartOf\":{\"@id\":\"https:\/\/smartwm.es\/ca\/#website\"},\"datePublished\":\"2025-04-29T16:13:41+00:00\",\"dateModified\":\"2025-05-05T13:13:12+00:00\",\"breadcrumb\":{\"@id\":\"https:\/\/smartwm.es\/ca\/#breadcrumb\"},\"inLanguage\":\"ca\",\"potentialAction\":[{\"@type\":\"ReadAction\",\"target\":[\"https:\/\/smartwm.es\/ca\/\"]}]},{\"@type\":\"BreadcrumbList\",\"@id\":\"https:\/\/smartwm.es\/ca\/#breadcrumb\",\"itemListElement\":[{\"@type\":\"ListItem\",\"position\":1,\"name\":\"Home\",\"item\":\"https:\/\/smartwm.es\/ca\/\"},{\"@type\":\"ListItem\",\"position\":2,\"name\":\"Home\"}]},{\"@type\":\"WebSite\",\"@id\":\"https:\/\/smartwm.es\/ca\/#website\",\"url\":\"https:\/\/smartwm.es\/ca\/\",\"name\":\"Smart wealth management\",\"description\":\"Tu patrimonio, nuestro compromiso\",\"publisher\":{\"@id\":\"https:\/\/smartwm.es\/ca\/#organization\"},\"potentialAction\":[{\"@type\":\"SearchAction\",\"target\":{\"@type\":\"EntryPoint\",\"urlTemplate\":\"https:\/\/smartwm.es\/ca\/?s={search_term_string}\"},\"query-input\":{\"@type\":\"PropertyValueSpecification\",\"valueRequired\":true,\"valueName\":\"search_term_string\"}}],\"inLanguage\":\"ca\"},{\"@type\":\"Organization\",\"@id\":\"https:\/\/smartwm.es\/ca\/#organization\",\"name\":\"Smart wealth management\",\"url\":\"https:\/\/smartwm.es\/ca\/\",\"logo\":{\"@type\":\"ImageObject\",\"inLanguage\":\"ca\",\"@id\":\"https:\/\/smartwm.es\/ca\/#\/schema\/logo\/image\/\",\"url\":\"https:\/\/smartwm.es\/wp-content\/uploads\/2025\/04\/logo-smartwm.png\",\"contentUrl\":\"https:\/\/smartwm.es\/wp-content\/uploads\/2025\/04\/logo-smartwm.png\",\"width\":279,\"height\":106,\"caption\":\"Smart wealth management\"},\"image\":{\"@id\":\"https:\/\/smartwm.es\/ca\/#\/schema\/logo\/image\/\"}}]}<\/script>\n<!-- \/ Yoast SEO plugin. -->","yoast_head_json":{"title":"Home - Smart wealth management","robots":{"index":"index","follow":"follow","max-snippet":"max-snippet:-1","max-image-preview":"max-image-preview:large","max-video-preview":"max-video-preview:-1"},"canonical":"https:\/\/smartwm.es\/ca\/","og_locale":"ca_ES","og_type":"article","og_title":"Home - Smart wealth management","og_description":"&#8220;El teu patrimoni, el nostre comprom\u00eds &#8220; &#8220;Smart Wealth Management som assessors patrimonials amb m\u00e9s de 26 anys d&#8217;experi\u00e8ncia, ajudant fam\u00edlies a protegir i fer cr\u00e9ixer el seu llegat.&#8221; NOSALTRES SERVEIS M\u00c8TODE CONFIAN\u00c7A","og_url":"https:\/\/smartwm.es\/ca\/","og_site_name":"Smart wealth management","article_modified_time":"2025-05-05T13:13:12+00:00","twitter_card":"summary_large_image","schema":{"@context":"https:\/\/schema.org","@graph":[{"@type":"WebPage","@id":"https:\/\/smartwm.es\/ca\/","url":"https:\/\/smartwm.es\/ca\/","name":"Home - Smart wealth management","isPartOf":{"@id":"https:\/\/smartwm.es\/ca\/#website"},"datePublished":"2025-04-29T16:13:41+00:00","dateModified":"2025-05-05T13:13:12+00:00","breadcrumb":{"@id":"https:\/\/smartwm.es\/ca\/#breadcrumb"},"inLanguage":"ca","potentialAction":[{"@type":"ReadAction","target":["https:\/\/smartwm.es\/ca\/"]}]},{"@type":"BreadcrumbList","@id":"https:\/\/smartwm.es\/ca\/#breadcrumb","itemListElement":[{"@type":"ListItem","position":1,"name":"Home","item":"https:\/\/smartwm.es\/ca\/"},{"@type":"ListItem","position":2,"name":"Home"}]},{"@type":"WebSite","@id":"https:\/\/smartwm.es\/ca\/#website","url":"https:\/\/smartwm.es\/ca\/","name":"Smart wealth management","description":"Tu patrimonio, nuestro compromiso","publisher":{"@id":"https:\/\/smartwm.es\/ca\/#organization"},"potentialAction":[{"@type":"SearchAction","target":{"@type":"EntryPoint","urlTemplate":"https:\/\/smartwm.es\/ca\/?s={search_term_string}"},"query-input":{"@type":"PropertyValueSpecification","valueRequired":true,"valueName":"search_term_string"}}],"inLanguage":"ca"},{"@type":"Organization","@id":"https:\/\/smartwm.es\/ca\/#organization","name":"Smart wealth management","url":"https:\/\/smartwm.es\/ca\/","logo":{"@type":"ImageObject","inLanguage":"ca","@id":"https:\/\/smartwm.es\/ca\/#\/schema\/logo\/image\/","url":"https:\/\/smartwm.es\/wp-content\/uploads\/2025\/04\/logo-smartwm.png","contentUrl":"https:\/\/smartwm.es\/wp-content\/uploads\/2025\/04\/logo-smartwm.png","width":279,"height":106,"caption":"Smart wealth management"},"image":{"@id":"https:\/\/smartwm.es\/ca\/#\/schema\/logo\/image\/"}}]}},"_links":{"self":[{"href":"https:\/\/smartwm.es\/ca\/wp-json\/wp\/v2\/pages\/203","targetHints":{"allow":["GET"]}}],"collection":[{"href":"https:\/\/smartwm.es\/ca\/wp-json\/wp\/v2\/pages"}],"about":[{"href":"https:\/\/smartwm.es\/ca\/wp-json\/wp\/v2\/types\/page"}],"author":[{"embeddable":true,"href":"https:\/\/smartwm.es\/ca\/wp-json\/wp\/v2\/users\/1"}],"replies":[{"embeddable":true,"href":"https:\/\/smartwm.es\/ca\/wp-json\/wp\/v2\/comments?post=203"}],"version-history":[{"count":7,"href":"https:\/\/smartwm.es\/ca\/wp-json\/wp\/v2\/pages\/203\/revisions"}],"predecessor-version":[{"id":317,"href":"https:\/\/smartwm.es\/ca\/wp-json\/wp\/v2\/pages\/203\/revisions\/317"}],"wp:attachment":[{"href":"https:\/\/smartwm.es\/ca\/wp-json\/wp\/v2\/media?parent=203"}],"curies":[{"name":"wp","href":"https:\/\/api.w.org\/{rel}","templated":true}]}}